{"id":30554,"date":"2020-11-18T20:20:43","date_gmt":"2020-11-18T20:20:43","guid":{"rendered":"https:\/\/silver-louse-480719.hostingersite.com\/tienda\/producto\/equipo-biofeedback-muscle-rehabilitation-intermediate-system-myotrac-3-biograph-infiniti\/"},"modified":"2024-04-08T19:03:06","modified_gmt":"2024-04-08T19:03:06","slug":"equipo-biofeedback-muscle-rehabilitation-intermediate-system-myotrac-3-biograph-infiniti","status":"publish","type":"product","link":"https:\/\/www.zannasalud.com\/tienda\/producto\/equipo-biofeedback-muscle-rehabilitation-intermediate-system-myotrac-3-biograph-infiniti\/","title":{"rendered":"EQUIPO BIOFEEDBACK Muscle Rehabilitation Intermediate System MYOTRAC 3 BIOGRAPH INFINITI"},"content":{"rendered":"<div id=\"goog-gt-tt\" class=\"skiptranslate\" dir=\"ltr\">\n<div style=\"padding: 8px;\">Dos sensores integrados SEMG, cables y electrodos. DETALLES Este sistema ofrece una variedad de funciones. La suite incluye todo lo que usted necesita para realizar biofeedback de una manera simple o doble con canal SEMG. Ofrece pantallas de color codificado y biofeedback multimedia. El entrenamiento de incontinencia se puede realizar con una adici\u00f3n de sonda o electrodo vaginal o rectal. Las evaluaciones automatizadas y pantallas de revisi\u00f3n le permiten generar informes de sesiones r\u00e1pidas y f\u00e1ciles para documentar su trabajo y que le ayudaran a realizar un seguimiento de la evoluci\u00f3n de su paciente. Usando BioGraph Infiniti y la suite de rehabilitaci\u00f3n, usted puede: Ejecutar un protocolo de evaluaci\u00f3n de la actividad EMG-5 completa en 1 o 2 sitios musculares. Ejecutar l\u00ednea de base individual, la fuerza m\u00e1xima y protocolos de evaluaci\u00f3n de resistencia. Ejecutar las evaluaciones basadas en la condici\u00f3n especializados que combinan EMG y grabaci\u00f3n de v\u00eddeo. Mejorar la capacidad muscular de entrenamiento para la relajaci\u00f3n, fortalecimiento y control. Revisar las sesiones y generar informes. El MyoTrac 3 es un dispositivo compacto que incluye dos sensores integrados SEMG y se conecta con el computador de escritorio o PC port\u00e1til a trav\u00e9s de una fibra \u00f3ptica para ofrecer una conexi\u00f3n de datos segura y la m\u00e1s fiable del mercado. Los profesionales ahora tienen la m\u00e1xima flexibilidad para definir sus propios protocolos de evaluaci\u00f3n, incluyendo: L\u00edneas de base preliminares y posteriores Contracciones r\u00e1pidas Contracciones de resistencia N\u00famero y duraci\u00f3n de cada repetici\u00f3n Ejercicios de trabajo \/ descanso Los protocolos personalizados se pueden guardar para uso futuro Para fines de investigaci\u00f3n o cl\u00ednicos, El MyoTrac 3 y el Software de Incontinencia ofrece amplias estad\u00edsticas para evaluar exhaustivamente la funci\u00f3n muscular Incluyendo: Pico, promedio, desviaci\u00f3n est\u00e1ndar y coeficiente de variaci\u00f3n. Promedio de aparici\u00f3n de picos (reclutamiento de los m\u00fasculos) Liberaci\u00f3n media (recuperaci\u00f3n muscular) Trabajo, disminuci\u00f3n de la amplitud (fatiga muscular) El sistema Incluye : Myotrac 3, Software BioGraph Infiniti Software, Suite rehab, Electrodo Triode, Electrodo Uni-Gel, Cable Extensor para Sensor<\/p>\n<div><\/div>\n<\/div>\n<\/div>\n<div class=\"goog-te-spinner-pos\">\n<div class=\"goog-te-spinner-animation\"><\/div>\n<\/div>\n","protected":false},"excerpt":{"rendered":"<p>Muscle Rehabilitation Intermediate System Ampli\u00e9 su pr\u00e1ctica de biofeedback electromiograf\u00eda de superficie con este sistema de dos canales compacto y f\u00e1cil de usar, que viene con un potente software multimedia para biofeedback, Suite Rehab,<\/p>\n","protected":false},"featured_media":3836,"template":"","meta":{"_acf_changed":false,"content-type":""},"product_brand":[],"product_cat":[13291,13255,13287,13252,13279],"product_tag":[11768],"class_list":{"0":"post-30554","1":"product","2":"type-product","3":"status-publish","4":"has-post-thumbnail","6":"product_cat-biofeedback-rehabilitacion-fisica","7":"product_cat-marca","8":"product_cat-thought-technology","9":"product_cat-modalidades","10":"product_cat-retroalimentadores-biofeedback-neurofeedback-psicologia-y-rehabilitacion-fisica-incontinencia","11":"product_tag-thought-technology","13":"first","14":"onbackorder","15":"taxable","16":"shipping-taxable","17":"purchasable","18":"product-type-simple"},"acf":[],"_links":{"self":[{"href":"https:\/\/www.zannasalud.com\/tienda\/wp-json\/wp\/v2\/product\/30554","targetHints":{"allow":["GET"]}}],"collection":[{"href":"https:\/\/www.zannasalud.com\/tienda\/wp-json\/wp\/v2\/product"}],"about":[{"href":"https:\/\/www.zannasalud.com\/tienda\/wp-json\/wp\/v2\/types\/product"}],"wp:featuredmedia":[{"embeddable":true,"href":"https:\/\/www.zannasalud.com\/tienda\/wp-json\/wp\/v2\/media\/3836"}],"wp:attachment":[{"href":"https:\/\/www.zannasalud.com\/tienda\/wp-json\/wp\/v2\/media?parent=30554"}],"wp:term":[{"taxonomy":"product_brand","embeddable":true,"href":"https:\/\/www.zannasalud.com\/tienda\/wp-json\/wp\/v2\/product_brand?post=30554"},{"taxonomy":"product_cat","embeddable":true,"href":"https:\/\/www.zannasalud.com\/tienda\/wp-json\/wp\/v2\/product_cat?post=30554"},{"taxonomy":"product_tag","embeddable":true,"href":"https:\/\/www.zannasalud.com\/tienda\/wp-json\/wp\/v2\/product_tag?post=30554"}],"curies":[{"name":"wp","href":"https:\/\/api.w.org\/{rel}","templated":true}]}}