{"id":30552,"date":"2020-11-18T20:20:43","date_gmt":"2020-11-18T20:20:43","guid":{"rendered":"https:\/\/silver-louse-480719.hostingersite.com\/tienda\/producto\/accesorio-emg-headband\/"},"modified":"2025-04-04T16:50:50","modified_gmt":"2025-04-04T16:50:50","slug":"accesorio-emg-headband","status":"publish","type":"product","link":"https:\/\/www.zannasalud.com\/tienda\/producto\/accesorio-emg-headband\/","title":{"rendered":"ACCESORIO EMG HEADBAND"},"content":{"rendered":"<div id=\"goog-gt-tt\" class=\"skiptranslate\" dir=\"ltr\">\n<div style=\"padding: 8px;\">La diadema tiene 3 electrodos r\u00e1pidos (Ag-AgCl) que funcionan con los cables de extensi\u00f3n EMG de Thought Technology (T8720M). Es reutilizable (solo para un cliente).<\/p>\n<div><\/div>\n<\/div>\n<\/div>\n<div class=\"goog-te-spinner-pos\">\n<div class=\"goog-te-spinner-animation\"><\/div>\n<\/div>\n","protected":false},"excerpt":{"rendered":"<p>La diadema EMG permite una f\u00e1cil medici\u00f3n de EMG desde la frente (frontal), que es una de las colocaciones de EMG comunes para la retroalimentaci\u00f3n biol\u00f3gica de estr\u00e9s \/ relajaci\u00f3n.<\/p>\n","protected":false},"featured_media":6786,"template":"","meta":{"_acf_changed":false,"content-type":""},"product_brand":[],"product_cat":[13255,13287,13252,13279],"product_tag":[11768],"class_list":{"0":"post-30552","1":"product","2":"type-product","3":"status-publish","4":"has-post-thumbnail","6":"product_cat-marca","7":"product_cat-thought-technology","8":"product_cat-modalidades","9":"product_cat-retroalimentadores-biofeedback-neurofeedback-psicologia-y-rehabilitacion-fisica-incontinencia","10":"product_tag-thought-technology","12":"first","13":"onbackorder","14":"taxable","15":"shipping-taxable","16":"purchasable","17":"product-type-simple"},"acf":[],"_links":{"self":[{"href":"https:\/\/www.zannasalud.com\/tienda\/wp-json\/wp\/v2\/product\/30552","targetHints":{"allow":["GET"]}}],"collection":[{"href":"https:\/\/www.zannasalud.com\/tienda\/wp-json\/wp\/v2\/product"}],"about":[{"href":"https:\/\/www.zannasalud.com\/tienda\/wp-json\/wp\/v2\/types\/product"}],"wp:featuredmedia":[{"embeddable":true,"href":"https:\/\/www.zannasalud.com\/tienda\/wp-json\/wp\/v2\/media\/6786"}],"wp:attachment":[{"href":"https:\/\/www.zannasalud.com\/tienda\/wp-json\/wp\/v2\/media?parent=30552"}],"wp:term":[{"taxonomy":"product_brand","embeddable":true,"href":"https:\/\/www.zannasalud.com\/tienda\/wp-json\/wp\/v2\/product_brand?post=30552"},{"taxonomy":"product_cat","embeddable":true,"href":"https:\/\/www.zannasalud.com\/tienda\/wp-json\/wp\/v2\/product_cat?post=30552"},{"taxonomy":"product_tag","embeddable":true,"href":"https:\/\/www.zannasalud.com\/tienda\/wp-json\/wp\/v2\/product_tag?post=30552"}],"curies":[{"name":"wp","href":"https:\/\/api.w.org\/{rel}","templated":true}]}}