{"id":30513,"date":"2020-11-18T20:20:29","date_gmt":"2020-11-18T20:20:29","guid":{"rendered":"https:\/\/silver-louse-480719.hostingersite.com\/tienda\/producto\/sensor-ekg-sensor-protected-pin-60in-154cm\/"},"modified":"2025-04-04T16:57:09","modified_gmt":"2025-04-04T16:57:09","slug":"sensor-ekg-sensor-protected-pin-60in-154cm","status":"publish","type":"product","link":"https:\/\/www.zannasalud.com\/tienda\/producto\/sensor-ekg-sensor-protected-pin-60in-154cm\/","title":{"rendered":"SENSOR EKG\u2122 SENSOR (PROTECTED PIN) 60IN, 154CM"},"content":{"rendered":"<div id=\"goog-gt-tt\" class=\"skiptranslate\" dir=\"ltr\">\n<div style=\"padding: 8px;\">El sensor EKG es un sensor de electrocardi\u00f3grafo preamplificado para medir directamente la actividad el\u00e9ctrica del coraz\u00f3n. Se conecta a trav\u00e9s de cables extensores para un solo canal de conexi\u00f3n.<\/p>\n<div><\/div>\n<\/div>\n<\/div>\n<div class=\"goog-te-spinner-pos\">\n<div class=\"goog-te-spinner-animation\"><\/div>\n<\/div>\n","protected":false},"excerpt":{"rendered":"<p>El sensor EKG es un sensor de electrocardi\u00f3grafo preamplificado para medir directamente la actividad el\u00e9ctrica del coraz\u00f3n. Se conecta a trav\u00e9s de cables extensores para un solo canal de conexi\u00f3n.<\/p>\n","protected":false},"featured_media":0,"template":"","meta":{"_acf_changed":false,"content-type":""},"product_brand":[],"product_cat":[13255,13287,13252,13290,13279],"product_tag":[11768],"class_list":{"0":"post-30513","1":"product","2":"type-product","3":"status-publish","5":"product_cat-marca","6":"product_cat-thought-technology","7":"product_cat-modalidades","8":"product_cat-neurofeedback-sensores","9":"product_cat-retroalimentadores-biofeedback-neurofeedback-psicologia-y-rehabilitacion-fisica-incontinencia","10":"product_tag-thought-technology","12":"first","13":"onbackorder","14":"taxable","15":"shipping-taxable","16":"purchasable","17":"product-type-simple"},"acf":[],"_links":{"self":[{"href":"https:\/\/www.zannasalud.com\/tienda\/wp-json\/wp\/v2\/product\/30513","targetHints":{"allow":["GET"]}}],"collection":[{"href":"https:\/\/www.zannasalud.com\/tienda\/wp-json\/wp\/v2\/product"}],"about":[{"href":"https:\/\/www.zannasalud.com\/tienda\/wp-json\/wp\/v2\/types\/product"}],"wp:attachment":[{"href":"https:\/\/www.zannasalud.com\/tienda\/wp-json\/wp\/v2\/media?parent=30513"}],"wp:term":[{"taxonomy":"product_brand","embeddable":true,"href":"https:\/\/www.zannasalud.com\/tienda\/wp-json\/wp\/v2\/product_brand?post=30513"},{"taxonomy":"product_cat","embeddable":true,"href":"https:\/\/www.zannasalud.com\/tienda\/wp-json\/wp\/v2\/product_cat?post=30513"},{"taxonomy":"product_tag","embeddable":true,"href":"https:\/\/www.zannasalud.com\/tienda\/wp-json\/wp\/v2\/product_tag?post=30513"}],"curies":[{"name":"wp","href":"https:\/\/api.w.org\/{rel}","templated":true}]}}