{"id":30481,"date":"2020-11-18T20:20:24","date_gmt":"2020-11-18T20:20:24","guid":{"rendered":"https:\/\/silver-louse-480719.hostingersite.com\/tienda\/producto\/equipo-neurofeedback-procomp-2-sistema-starter\/"},"modified":"2024-04-08T19:03:00","modified_gmt":"2024-04-08T19:03:00","slug":"equipo-neurofeedback-procomp-2-sistema-starter","status":"publish","type":"product","link":"https:\/\/www.zannasalud.com\/tienda\/producto\/equipo-neurofeedback-procomp-2-sistema-starter\/","title":{"rendered":"EQUIPO NEUROFEEDBACK PROCOMP 2 SISTEMA STARTER"},"content":{"rendered":"<div id=\"goog-gt-tt\" class=\"skiptranslate\" dir=\"ltr\">\n<div style=\"padding: 8px;\">Estos sistemas de grado m\u00e9dico le brindan una funcionalidad completa y la posibilidad de ampliar su sistema cuando decida que est\u00e1 listo para ir m\u00e1s all\u00e1 de lo b\u00e1sico. Introduzca el neurofeedback (biofeedback de ondas cerebrales) en su pr\u00e1ctica con este sistema de canal EEG compacto y f\u00e1cil de usar que viene con un potente software de biofeedback multimedia, la suite EEG y todo lo que necesita para empezar. Perfecto para los psic\u00f3logos y otros terapeutas que quieren llevar neurofeedback b\u00e1sico en su pr\u00e1ctica, este sistema proporciona todas las herramientas que necesita para ejecutar evaluaciones r\u00e1pidas de un solo canal y entrenar a los clientes con protocolos cl\u00e1sicos de recompensa \/ inhibici\u00f3n utilizando bandas de frecuencia est\u00e1ndar o definidas por el usuario. Utilizando BioGraph Infiniti y el EEG Suite: Realice una evaluaci\u00f3n de la l\u00ednea de base de 4 actividades (ojos abiertos, cerrados, escucha y tareas cognitivas). Realice evaluaciones preliminares r\u00e1pidas antes y despu\u00e9s de la capacitaci\u00f3n. Ejecute sesiones de neurofeedback con protocolos usando bandas de EEG est\u00e1ndar o definidas por el usuario. Eval\u00fae el resultado con los informes de sesi\u00f3n y de tendencias. ProComp2 &#8211; Biofeedback de 2 canales y sistema Neurofeedback con el software BioGraph Infiniti &#8211; T7400M El ProComp2 es un sistema compacto pero potente de biofeedback de 2 canales \/ sistema de neurofeedback. Puede monitorear y grabar simult\u00e1neamente usando el software BioGraph Infiniti. Codificador ProComp 2 &#8211; 2 canales El ProComp2 \u2122 es un dispositivo de monitoreo fisiol\u00f3gico de 2 canales de grado m\u00e9dico que incluye un sensor EEG incorporado. El dispositivo se conecta a su PC de escritorio o laptop de Windows a trav\u00e9s de fibra \u00f3ptica para ofrecer la conexi\u00f3n de datos m\u00e1s segura y confiable en el mercado. El sensor EEG incorporado captura las ondas cerebrales sin procesar usando cables EEG est\u00e1ndar (incluidos en el sistema) Utilizando un montaje monopolar o bipolar. Beneficios para usted y su cliente A\u00f1ada salas de capacitaci\u00f3n adicionales a su cl\u00ednica r\u00e1pida y econ\u00f3micamente Promover la formaci\u00f3n en el entorno del hogar para mejorar los resultados Mejorar el cumplimiento a largo plazo Incluye un sensor EEG incorporado Monitorizar las medidas perif\u00e9ricas como EEG La calidad y el apoyo de la experiencia de Thought Technology Incluye Procomp 2 Encoder \u2013 2 Canales, Software Biograph, Suite EEG, TT-EEG Kit Monopolar Bipolar<\/p>\n<div><\/div>\n<\/div>\n<\/div>\n<div class=\"goog-te-spinner-pos\">\n<div class=\"goog-te-spinner-animation\"><\/div>\n<\/div>\n","protected":false},"excerpt":{"rendered":"<p>Neurofeedback Starter System Nuestros sistemas de neurofeedback Starter System son ideales para los m\u00e9dicos que quieren comenzar a explorar la biorretroalimentaci\u00f3n basada en el cerebro sin sobrecargar su presupuesto.<\/p>\n","protected":false},"featured_media":6775,"template":"","meta":{"_acf_changed":false,"content-type":""},"product_brand":[],"product_cat":[13255,13287,13252,13286,13279],"product_tag":[11768],"class_list":{"0":"post-30481","1":"product","2":"type-product","3":"status-publish","4":"has-post-thumbnail","6":"product_cat-marca","7":"product_cat-thought-technology","8":"product_cat-modalidades","9":"product_cat-neurofeedback-psicologia-combos","10":"product_cat-retroalimentadores-biofeedback-neurofeedback-psicologia-y-rehabilitacion-fisica-incontinencia","11":"product_tag-thought-technology","13":"first","14":"onbackorder","15":"taxable","16":"shipping-taxable","17":"purchasable","18":"product-type-simple"},"acf":[],"_links":{"self":[{"href":"https:\/\/www.zannasalud.com\/tienda\/wp-json\/wp\/v2\/product\/30481","targetHints":{"allow":["GET"]}}],"collection":[{"href":"https:\/\/www.zannasalud.com\/tienda\/wp-json\/wp\/v2\/product"}],"about":[{"href":"https:\/\/www.zannasalud.com\/tienda\/wp-json\/wp\/v2\/types\/product"}],"wp:featuredmedia":[{"embeddable":true,"href":"https:\/\/www.zannasalud.com\/tienda\/wp-json\/wp\/v2\/media\/6775"}],"wp:attachment":[{"href":"https:\/\/www.zannasalud.com\/tienda\/wp-json\/wp\/v2\/media?parent=30481"}],"wp:term":[{"taxonomy":"product_brand","embeddable":true,"href":"https:\/\/www.zannasalud.com\/tienda\/wp-json\/wp\/v2\/product_brand?post=30481"},{"taxonomy":"product_cat","embeddable":true,"href":"https:\/\/www.zannasalud.com\/tienda\/wp-json\/wp\/v2\/product_cat?post=30481"},{"taxonomy":"product_tag","embeddable":true,"href":"https:\/\/www.zannasalud.com\/tienda\/wp-json\/wp\/v2\/product_tag?post=30481"}],"curies":[{"name":"wp","href":"https:\/\/api.w.org\/{rel}","templated":true}]}}