{"id":30475,"date":"2020-11-18T20:20:15","date_gmt":"2020-11-18T20:20:15","guid":{"rendered":"https:\/\/silver-louse-480719.hostingersite.com\/tienda\/producto\/equipo-portatil-estimulacion-magnetica-magneto-box\/"},"modified":"2024-04-08T19:02:59","modified_gmt":"2024-04-08T19:02:59","slug":"equipo-portatil-estimulacion-magnetica-magneto-box","status":"publish","type":"product","link":"https:\/\/www.zannasalud.com\/tienda\/producto\/equipo-portatil-estimulacion-magnetica-magneto-box\/","title":{"rendered":"EQUIPO PORTATIL ESTIMULACION MAGNETICA MAGNETO BOX"},"content":{"rendered":"<div id=\"goog-gt-tt\" class=\"skiptranslate\" dir=\"ltr\">\n<div style=\"padding: 8px;\">Espec\u00edficamente dise\u00f1ado para el uso profesional y dom\u00e9stico. Completo de malet\u00edn para facilitar el transporte. Amplia biblioteca de programas para las patolog\u00edas m\u00e1s comunes (m\u00e1s de 80). Amplio campo de frecuencias utilizables (1\u00f7750 Hz).<br \/>\nCaracter\u00edsticas Generales: Elevada potencia de emisi\u00f3n 160 Gauss.<br \/>\n\u2022 Facilidad de regulaci\u00f3n de los par\u00e1metros.<br \/>\n\u2022 Programas predefinidos para las patolog\u00edas m\u00e1s comunes.<br \/>\n\u2022 Facilidad de posicionamiento de las bobinas.<\/p>\n<div><\/div>\n<\/div>\n<\/div>\n<div class=\"goog-te-spinner-pos\">\n<div class=\"goog-te-spinner-animation\"><\/div>\n<\/div>\n","protected":false},"excerpt":{"rendered":"<p>MAGNETOBOx es un equipo port\u00e1til para terapia con Campos Electromagn\u00e9ticos Pulsados (C.E.M.P.) de baja frecuencia (E.L.F.).<\/p>\n","protected":false},"featured_media":3810,"template":"","meta":{"_acf_changed":false,"content-type":""},"product_brand":[],"product_cat":[13253,13278,13255,13277,13252],"product_tag":[11706],"class_list":{"0":"post-30475","1":"product","2":"type-product","3":"status-publish","4":"has-post-thumbnail","6":"product_cat-electroterapia-ultrasonidos-accesorios-laser-diaterma-microondas-onda-corta-estim-magnet","7":"product_cat-estimulacion-magnetica","8":"product_cat-marca","9":"product_cat-cosmogamma","10":"product_cat-modalidades","11":"product_tag-cosmogamma","13":"first","14":"instock","15":"taxable","16":"shipping-taxable","17":"purchasable","18":"product-type-simple"},"acf":[],"_links":{"self":[{"href":"https:\/\/www.zannasalud.com\/tienda\/wp-json\/wp\/v2\/product\/30475","targetHints":{"allow":["GET"]}}],"collection":[{"href":"https:\/\/www.zannasalud.com\/tienda\/wp-json\/wp\/v2\/product"}],"about":[{"href":"https:\/\/www.zannasalud.com\/tienda\/wp-json\/wp\/v2\/types\/product"}],"wp:featuredmedia":[{"embeddable":true,"href":"https:\/\/www.zannasalud.com\/tienda\/wp-json\/wp\/v2\/media\/3810"}],"wp:attachment":[{"href":"https:\/\/www.zannasalud.com\/tienda\/wp-json\/wp\/v2\/media?parent=30475"}],"wp:term":[{"taxonomy":"product_brand","embeddable":true,"href":"https:\/\/www.zannasalud.com\/tienda\/wp-json\/wp\/v2\/product_brand?post=30475"},{"taxonomy":"product_cat","embeddable":true,"href":"https:\/\/www.zannasalud.com\/tienda\/wp-json\/wp\/v2\/product_cat?post=30475"},{"taxonomy":"product_tag","embeddable":true,"href":"https:\/\/www.zannasalud.com\/tienda\/wp-json\/wp\/v2\/product_tag?post=30475"}],"curies":[{"name":"wp","href":"https:\/\/api.w.org\/{rel}","templated":true}]}}