{"id":30472,"date":"2020-11-18T20:20:15","date_gmt":"2020-11-18T20:20:15","guid":{"rendered":"https:\/\/silver-louse-480719.hostingersite.com\/tienda\/producto\/electroestimulador-firing-evo\/"},"modified":"2024-04-08T19:02:59","modified_gmt":"2024-04-08T19:02:59","slug":"electroestimulador-firing-evo","status":"publish","type":"product","link":"https:\/\/www.zannasalud.com\/tienda\/producto\/electroestimulador-firing-evo\/","title":{"rendered":"ELECTROESTIMULADOR FIRING EVO"},"content":{"rendered":"<div id=\"goog-gt-tt\" class=\"skiptranslate\" dir=\"ltr\">\n<div style=\"padding: 8px;\">FIRING es un estimulador port\u00e1til de vanguardia para Fisioterapia\/Rehabilitaci\u00f3n. Combinando la m\u00e1s avanzada tecnolog\u00eda electr\u00f3nica con una interfaz usuario extremadamente sencilla, FIRING cumple todos los requisitos necesarios para satisfacer al terapeuta m\u00e1s exigente. Caracter\u00edsticas del equipo:<br \/>\n\u2022 Dos canales totalmente independientes y programables individualmente: controles de intensidad y par\u00e1metros para cada canal.<br \/>\n\u2022 20 corrientes\/formas de onda utilizables en tratamientos de rehabilitaci\u00f3n as\u00ed como tambi\u00e9n para la terapia del dolor.<br \/>\n\u2022 Extensa biblioteca de programas predefinidos para las patolog\u00edas m\u00e1s comunes.<br \/>\n\u2022 Posibilidad de crear y guardar programas definidos por el usuario y secuencias.<br \/>\n\u2022 Utilizaci\u00f3n inmediata de una selecci\u00f3n de programas \u201cfavoritos\u201d definibles por el usuario.<br \/>\n\u2022 Tratamientos perineales con programas predefinidos.<br \/>\n\u2022 An\u00e1lisis diagn\u00f3stico con curva de Intensidad\/Tiempo (I\/T).<br \/>\n\u2022 Archivo de pacientes: permite almacenar los datos y el historial de tratamientos de cada paciente.<br \/>\n\u2022 Evaluaci\u00f3n del nivel de dolor para cada paciente al principio y al final del tratamiento<br \/>\n\u2022 Sistema : programas extremadamente complejos y protocolos que permiten modificar frecuencia, duraci\u00f3n, impulso, barrido, frecuencia de pausa\/acci\u00f3n, intensidad y tiempo de pausa. La variaci\u00f3n de todos estos par\u00e1metros se realiza de modo autom\u00e1tico durante el programa sin la intervenci\u00f3n del terapeuta.<br \/>\n\u2022 Conexi\u00f3n con una unidad de ultrasonido (mediante cable opcional).<br \/>\n\u2022 Amplia pantalla gr\u00e1fica de alta calidad para una mejor visibilidad. A pesar de todas estas caracter\u00edsticas, FIRING es un equipo extremadamente sencillo e intuitivo de utilizar.<\/p>\n<div><\/div>\n<\/div>\n<\/div>\n<div class=\"goog-te-spinner-pos\">\n<div class=\"goog-te-spinner-animation\"><\/div>\n<\/div>\n","protected":false},"excerpt":{"rendered":"<p>Electroestimulador profesional con dos canales de estimulaci\u00f3n completamente independientes para la realizaci\u00f3n de tratamientos de frecuencias baja y media.<\/p>\n","protected":false},"featured_media":3734,"template":"","meta":{"_acf_changed":false,"content-type":""},"product_brand":[],"product_cat":[13254,13253,13255,13277,13252],"product_tag":[11706],"class_list":{"0":"post-30472","1":"product","2":"type-product","3":"status-publish","4":"has-post-thumbnail","6":"product_cat-electroestimulacion-profesional","7":"product_cat-electroterapia-ultrasonidos-accesorios-laser-diaterma-microondas-onda-corta-estim-magnet","8":"product_cat-marca","9":"product_cat-cosmogamma","10":"product_cat-modalidades","11":"product_tag-cosmogamma","13":"first","14":"onbackorder","15":"taxable","16":"shipping-taxable","17":"purchasable","18":"product-type-simple"},"acf":[],"_links":{"self":[{"href":"https:\/\/www.zannasalud.com\/tienda\/wp-json\/wp\/v2\/product\/30472","targetHints":{"allow":["GET"]}}],"collection":[{"href":"https:\/\/www.zannasalud.com\/tienda\/wp-json\/wp\/v2\/product"}],"about":[{"href":"https:\/\/www.zannasalud.com\/tienda\/wp-json\/wp\/v2\/types\/product"}],"wp:featuredmedia":[{"embeddable":true,"href":"https:\/\/www.zannasalud.com\/tienda\/wp-json\/wp\/v2\/media\/3734"}],"wp:attachment":[{"href":"https:\/\/www.zannasalud.com\/tienda\/wp-json\/wp\/v2\/media?parent=30472"}],"wp:term":[{"taxonomy":"product_brand","embeddable":true,"href":"https:\/\/www.zannasalud.com\/tienda\/wp-json\/wp\/v2\/product_brand?post=30472"},{"taxonomy":"product_cat","embeddable":true,"href":"https:\/\/www.zannasalud.com\/tienda\/wp-json\/wp\/v2\/product_cat?post=30472"},{"taxonomy":"product_tag","embeddable":true,"href":"https:\/\/www.zannasalud.com\/tienda\/wp-json\/wp\/v2\/product_tag?post=30472"}],"curies":[{"name":"wp","href":"https:\/\/api.w.org\/{rel}","templated":true}]}}