{"id":30470,"date":"2020-11-18T20:20:15","date_gmt":"2020-11-18T20:20:15","guid":{"rendered":"https:\/\/silver-louse-480719.hostingersite.com\/tienda\/producto\/unidad-termica-de-gel\/"},"modified":"2024-04-08T19:02:59","modified_gmt":"2024-04-08T19:02:59","slug":"unidad-termica-de-gel","status":"publish","type":"product","link":"https:\/\/www.zannasalud.com\/tienda\/producto\/unidad-termica-de-gel\/","title":{"rendered":"UNIDAD TERMICA DE GEL"},"content":{"rendered":"<div id=\"goog-gt-tt\" class=\"skiptranslate\" dir=\"ltr\">\n<div style=\"padding: 8px;\">Whitehall calienta biberones mantienen geles de ultrasonidos y cremas justo por encima de la temperatura corporal, lo que permite c\u00f3moda aplicaci\u00f3n. Detalles Del Producto Material: Acero inoxidable Adecuada para: Podolog\u00eda, Terapia mano, Preparador F\u00edsico, Terapia F\u00edsica, Terapia Ocupacional, quiropr\u00e1ctica, Spa, Home Consumidor, Cuidado a Largo Plazo Capacidad: 1.<\/p>\n<div><\/div>\n<\/div>\n<\/div>\n<div class=\"goog-te-spinner-pos\">\n<div class=\"goog-te-spinner-animation\"><\/div>\n<\/div>\n","protected":false},"excerpt":{"rendered":"<p>Whitehall calienta biberones mantienen geles de ultrasonidos y cremas justo por encima de la temperatura corporal, lo que permite c\u00f3moda aplicaci\u00f3n. Detalles Del Producto Material: Acero inoxidable Adecuada para: Podolog\u00eda, Terapia mano, Preparador F\u00edsico, Terapia F\u00edsica, Terapia Ocupacional, quiropr\u00e1ctica, Spa, Home Consumidor, Cuidado a Largo Plazo Capacidad: 1.<\/p>\n","protected":false},"featured_media":9460,"template":"","meta":{"_acf_changed":false,"content-type":""},"product_brand":[],"product_cat":[13253,13255,13275,13252,13270],"product_tag":[11840],"class_list":{"0":"post-30470","1":"product","2":"type-product","3":"status-publish","4":"has-post-thumbnail","6":"product_cat-electroterapia-ultrasonidos-accesorios-laser-diaterma-microondas-onda-corta-estim-magnet","7":"product_cat-marca","8":"product_cat-whitehall","9":"product_cat-modalidades","10":"product_cat-ultrasonido-profesional","11":"product_tag-whitehall","13":"first","14":"onbackorder","15":"taxable","16":"shipping-taxable","17":"purchasable","18":"product-type-simple"},"acf":[],"_links":{"self":[{"href":"https:\/\/www.zannasalud.com\/tienda\/wp-json\/wp\/v2\/product\/30470","targetHints":{"allow":["GET"]}}],"collection":[{"href":"https:\/\/www.zannasalud.com\/tienda\/wp-json\/wp\/v2\/product"}],"about":[{"href":"https:\/\/www.zannasalud.com\/tienda\/wp-json\/wp\/v2\/types\/product"}],"wp:featuredmedia":[{"embeddable":true,"href":"https:\/\/www.zannasalud.com\/tienda\/wp-json\/wp\/v2\/media\/9460"}],"wp:attachment":[{"href":"https:\/\/www.zannasalud.com\/tienda\/wp-json\/wp\/v2\/media?parent=30470"}],"wp:term":[{"taxonomy":"product_brand","embeddable":true,"href":"https:\/\/www.zannasalud.com\/tienda\/wp-json\/wp\/v2\/product_brand?post=30470"},{"taxonomy":"product_cat","embeddable":true,"href":"https:\/\/www.zannasalud.com\/tienda\/wp-json\/wp\/v2\/product_cat?post=30470"},{"taxonomy":"product_tag","embeddable":true,"href":"https:\/\/www.zannasalud.com\/tienda\/wp-json\/wp\/v2\/product_tag?post=30470"}],"curies":[{"name":"wp","href":"https:\/\/api.w.org\/{rel}","templated":true}]}}