{"id":30467,"date":"2020-11-18T20:20:15","date_gmt":"2020-11-18T20:20:15","guid":{"rendered":"https:\/\/silver-louse-480719.hostingersite.com\/tienda\/producto\/terapia-combinada-portatil-ultratens-ii-ultrasonido-and-tens\/"},"modified":"2025-04-04T14:30:33","modified_gmt":"2025-04-04T14:30:33","slug":"terapia-combinada-portatil-ultratens-ii-ultrasonido-and-tens","status":"publish","type":"product","link":"https:\/\/www.zannasalud.com\/tienda\/producto\/terapia-combinada-portatil-ultratens-ii-ultrasonido-and-tens\/","title":{"rendered":"TERAPIA COMBINADA PORTATIL ULTRATENS II"},"content":{"rendered":"<p>El UltraTENS II combina las dos modalidades m\u00e1s probadas, el ultrasonido y la tecnolog\u00eda TENS para el alivio del dolor en un dispositivo compacto y elegante. El calor profundo del ultrasonido terap\u00e9utico y la terapia TENS se pueden usar simult\u00e1neamente para ayudar a los pacientes a tratar el dolor muscular cr\u00f3nico y agudo. Nuestro nuevo e innovador dise\u00f1o presenta un ciclo de trabajo aumentado del 50% con tres preajustes de modo f\u00e1ciles de usar, adem\u00e1s de 30 mA de terapia TENS. Esta vers\u00e1til unidad port\u00e1til viene con un estuche de transporte, un adaptador de CA y un gel de ultrasonido para uso en la oficina o en dispositivos m\u00f3viles.<br \/>\nCombina ultrasonido terap\u00e9utico y TENS para pacientes que necesitan una terapia m\u00e1s fuerte<br \/>\nCabezal de aluminio de 4 cm\u00b2 de dise\u00f1o ergon\u00f3mico<br \/>\nCuenta con una frecuencia de 1 MHz con 3 niveles de potencia y 30 mA de terapia TENS para un tratamiento terap\u00e9utico profundo<br \/>\nRelaci\u00f3n de no uniformidad del haz (BNR) 5:1 m\u00e1x.<br \/>\nDise\u00f1o peque\u00f1o y \u00fanico que es f\u00e1cil de operar y port\u00e1til<br \/>\nTres tiempos de tratamiento (5 min, 10 min o 15 min)<br \/>\nApagado autom\u00e1tico de energ\u00eda despu\u00e9s de 10 minutos<br \/>\nViene completo con un dispositivo, un electrodo de tela blanca de 2&#8243; x 4&#8243;, cable conductor, adaptador de CA, gel de transmisi\u00f3n de ultrasonido, gu\u00eda de inicio r\u00e1pido y manual de instrucciones<br \/>\nFuente de alimentaci\u00f3n: adaptador de CA\/CC<br \/>\nUn a\u00f1o de garant\u00eda<\/p>\n","protected":false},"excerpt":{"rendered":"<p>Dispositivo combinado ultrasonido TENS para el tratamiento del dolor cr\u00f3nico\u00bb<\/p>\n","protected":false},"featured_media":6765,"template":"","meta":{"_acf_changed":false,"content-type":""},"product_brand":[],"product_cat":[13259,13253,13255,13271,13252],"product_tag":[12371],"class_list":{"0":"post-30467","1":"product","2":"type-product","3":"status-publish","4":"has-post-thumbnail","6":"product_cat-electroestimulacion-portatil","7":"product_cat-electroterapia-ultrasonidos-accesorios-laser-diaterma-microondas-onda-corta-estim-magnet","8":"product_cat-marca","9":"product_cat-roscoe-medical","10":"product_cat-modalidades","11":"product_tag-roscoe-medical","13":"first","14":"onbackorder","15":"taxable","16":"shipping-taxable","17":"purchasable","18":"product-type-simple"},"acf":[],"_links":{"self":[{"href":"https:\/\/www.zannasalud.com\/tienda\/wp-json\/wp\/v2\/product\/30467","targetHints":{"allow":["GET"]}}],"collection":[{"href":"https:\/\/www.zannasalud.com\/tienda\/wp-json\/wp\/v2\/product"}],"about":[{"href":"https:\/\/www.zannasalud.com\/tienda\/wp-json\/wp\/v2\/types\/product"}],"wp:featuredmedia":[{"embeddable":true,"href":"https:\/\/www.zannasalud.com\/tienda\/wp-json\/wp\/v2\/media\/6765"}],"wp:attachment":[{"href":"https:\/\/www.zannasalud.com\/tienda\/wp-json\/wp\/v2\/media?parent=30467"}],"wp:term":[{"taxonomy":"product_brand","embeddable":true,"href":"https:\/\/www.zannasalud.com\/tienda\/wp-json\/wp\/v2\/product_brand?post=30467"},{"taxonomy":"product_cat","embeddable":true,"href":"https:\/\/www.zannasalud.com\/tienda\/wp-json\/wp\/v2\/product_cat?post=30467"},{"taxonomy":"product_tag","embeddable":true,"href":"https:\/\/www.zannasalud.com\/tienda\/wp-json\/wp\/v2\/product_tag?post=30467"}],"curies":[{"name":"wp","href":"https:\/\/api.w.org\/{rel}","templated":true}]}}