{"id":30466,"date":"2020-11-18T20:20:15","date_gmt":"2020-11-18T20:20:15","guid":{"rendered":"https:\/\/silver-louse-480719.hostingersite.com\/tienda\/producto\/ultrasonido-profesional-soundcare-plus\/"},"modified":"2024-04-08T19:02:59","modified_gmt":"2024-04-08T19:02:59","slug":"ultrasonido-profesional-soundcare-plus","status":"publish","type":"product","link":"https:\/\/www.zannasalud.com\/tienda\/producto\/ultrasonido-profesional-soundcare-plus\/","title":{"rendered":"ULTRASONIDO PROFESIONAL SOUNDCARE PLUS"},"content":{"rendered":"<div id=\"goog-gt-tt\" class=\"skiptranslate\" dir=\"ltr\">\n<div style=\"padding: 8px;\">F\u00e1cil de operar, el usuario puede cambiar entre varitas con el solo empuje de un bot\u00f3n. Viene completo con dos cabezales de sonido, 1 cm2 y 5 cm2 para terapia m\u00e1s dirigida Se utiliza para el tratamiento del dolor muscular cr\u00f3nico y agudo El usuario puede conmutar entre las cabezas de sonido duales con el empuje de un solo bot\u00f3n Frecuencias funcionales de 1 MHz y 3 MHz 20 presets definidos por el usuario con terapia pulsada y continua Dise\u00f1o ergon\u00f3mico de la manija Dos a\u00f1os de garant\u00eda<\/p>\n<div><\/div>\n<\/div>\n<\/div>\n<div class=\"goog-te-spinner-pos\">\n<div class=\"goog-te-spinner-animation\"><\/div>\n<\/div>\n","protected":false},"excerpt":{"rendered":"<p>\u00danico en su naturaleza, el dispositivo de ultrasonido profesional SoundCare Plus viene con dos cabezales de sonido que se pueden conectar simult\u00e1neamente para una terapia m\u00e1s espec\u00edfica.<\/p>\n","protected":false},"featured_media":6763,"template":"","meta":{"_acf_changed":false,"content-type":""},"product_brand":[],"product_cat":[13253,13255,13271,13252,13270],"product_tag":[12371],"class_list":{"0":"post-30466","1":"product","2":"type-product","3":"status-publish","4":"has-post-thumbnail","6":"product_cat-electroterapia-ultrasonidos-accesorios-laser-diaterma-microondas-onda-corta-estim-magnet","7":"product_cat-marca","8":"product_cat-roscoe-medical","9":"product_cat-modalidades","10":"product_cat-ultrasonido-profesional","11":"product_tag-roscoe-medical","13":"first","14":"onbackorder","15":"taxable","16":"shipping-taxable","17":"purchasable","18":"product-type-simple"},"acf":[],"_links":{"self":[{"href":"https:\/\/www.zannasalud.com\/tienda\/wp-json\/wp\/v2\/product\/30466","targetHints":{"allow":["GET"]}}],"collection":[{"href":"https:\/\/www.zannasalud.com\/tienda\/wp-json\/wp\/v2\/product"}],"about":[{"href":"https:\/\/www.zannasalud.com\/tienda\/wp-json\/wp\/v2\/types\/product"}],"wp:featuredmedia":[{"embeddable":true,"href":"https:\/\/www.zannasalud.com\/tienda\/wp-json\/wp\/v2\/media\/6763"}],"wp:attachment":[{"href":"https:\/\/www.zannasalud.com\/tienda\/wp-json\/wp\/v2\/media?parent=30466"}],"wp:term":[{"taxonomy":"product_brand","embeddable":true,"href":"https:\/\/www.zannasalud.com\/tienda\/wp-json\/wp\/v2\/product_brand?post=30466"},{"taxonomy":"product_cat","embeddable":true,"href":"https:\/\/www.zannasalud.com\/tienda\/wp-json\/wp\/v2\/product_cat?post=30466"},{"taxonomy":"product_tag","embeddable":true,"href":"https:\/\/www.zannasalud.com\/tienda\/wp-json\/wp\/v2\/product_tag?post=30466"}],"curies":[{"name":"wp","href":"https:\/\/api.w.org\/{rel}","templated":true}]}}