{"id":30465,"date":"2020-11-18T20:20:15","date_gmt":"2020-11-18T20:20:15","guid":{"rendered":"https:\/\/silver-louse-480719.hostingersite.com\/tienda\/producto\/electroestimulador-profesional-quattro-2-5\/"},"modified":"2025-04-04T14:30:33","modified_gmt":"2025-04-04T14:30:33","slug":"electroestimulador-profesional-quattro-2-5","status":"publish","type":"product","link":"https:\/\/www.zannasalud.com\/tienda\/producto\/electroestimulador-profesional-quattro-2-5\/","title":{"rendered":"ELECTROESTIMULADOR PROFESIONAL QUATTRO 2.5"},"content":{"rendered":"<p>El Quattro 2.5 controlado por microprocesador es un dispositivo profesional de electroterapia de cuatro canales que proporciona formas de onda IFC y premoduladas, rusas, EMS y TENS con dos temporizadores separados. Elija entre varias opciones diferentes de modulaci\u00f3n de amplitud. Los modos interferencial y premodulado ofrecen modulaci\u00f3n de frecuencia, as\u00ed como una opci\u00f3n de frecuencia est\u00e1tica. El dise\u00f1o port\u00e1til le permite llevarlo a su paciente o guardarlo en la cl\u00ednica.<br \/>\nElectroterapia de 4 canales con temporizadores separados para el tratamiento simult\u00e1neo de dos \u00e1reas de tratamiento o dos pacientes a la vez<br \/>\nGran pantalla LCD gr\u00e1fica f\u00e1cil de leer con un rendimiento exacto del dial y dos temporizadores programables<br \/>\nProtocolos preestablecidos, as\u00ed como protocolos personalizados definidos por el usuario<br \/>\nLas formas de onda incluyen TENS, EMS, Premod (IF-2P), IFC (IF-4P) y ruso<br \/>\nModos de corriente constante y voltaje constante<br \/>\n10 presets por forma de onda con un total de 50 presets en total (m\u00e1s el modo profesional)<br \/>\nDise\u00f1ado para uso de mesa, carro terap\u00e9utico o m\u00f3vil<br \/>\nIncluye cuatro juegos de electrodos en dos tama\u00f1os diferentes, cuatro juegos de electrodos de caucho de carbono con esponjas en dos tama\u00f1os diferentes, cuatro correas, cuatro juegos de cables conductores, cuatro conectores de cable y un manual de usuario con gu\u00eda de protocolo<br \/>\nDimensiones del producto: 10.5&#8243; (ancho) x 15&#8243; (largo) x 8&#8243; (alto)<br \/>\nPeso del producto: 6.7 lb<br \/>\nGarant\u00eda de dos a\u00f1os<\/p>\n","protected":false},"excerpt":{"rendered":"<p>Dispositivo electroterapia cuatro canales tratamiento simult\u00e1neo<\/p>\n","protected":false},"featured_media":6339,"template":"","meta":{"_acf_changed":false,"content-type":""},"product_brand":[],"product_cat":[13254,13253,13255,13271,13252],"product_tag":[12371],"class_list":{"0":"post-30465","1":"product","2":"type-product","3":"status-publish","4":"has-post-thumbnail","6":"product_cat-electroestimulacion-profesional","7":"product_cat-electroterapia-ultrasonidos-accesorios-laser-diaterma-microondas-onda-corta-estim-magnet","8":"product_cat-marca","9":"product_cat-roscoe-medical","10":"product_cat-modalidades","11":"product_tag-roscoe-medical","13":"first","14":"onbackorder","15":"taxable","16":"shipping-taxable","17":"purchasable","18":"product-type-simple"},"acf":[],"_links":{"self":[{"href":"https:\/\/www.zannasalud.com\/tienda\/wp-json\/wp\/v2\/product\/30465","targetHints":{"allow":["GET"]}}],"collection":[{"href":"https:\/\/www.zannasalud.com\/tienda\/wp-json\/wp\/v2\/product"}],"about":[{"href":"https:\/\/www.zannasalud.com\/tienda\/wp-json\/wp\/v2\/types\/product"}],"wp:featuredmedia":[{"embeddable":true,"href":"https:\/\/www.zannasalud.com\/tienda\/wp-json\/wp\/v2\/media\/6339"}],"wp:attachment":[{"href":"https:\/\/www.zannasalud.com\/tienda\/wp-json\/wp\/v2\/media?parent=30465"}],"wp:term":[{"taxonomy":"product_brand","embeddable":true,"href":"https:\/\/www.zannasalud.com\/tienda\/wp-json\/wp\/v2\/product_brand?post=30465"},{"taxonomy":"product_cat","embeddable":true,"href":"https:\/\/www.zannasalud.com\/tienda\/wp-json\/wp\/v2\/product_cat?post=30465"},{"taxonomy":"product_tag","embeddable":true,"href":"https:\/\/www.zannasalud.com\/tienda\/wp-json\/wp\/v2\/product_tag?post=30465"}],"curies":[{"name":"wp","href":"https:\/\/api.w.org\/{rel}","templated":true}]}}