{"id":30463,"date":"2020-11-18T20:20:15","date_gmt":"2020-11-18T20:20:15","guid":{"rendered":"https:\/\/silver-louse-480719.hostingersite.com\/tienda\/producto\/terapia-combinada-profesional-intensity-cx4-series\/"},"modified":"2025-04-17T01:59:38","modified_gmt":"2025-04-17T01:59:38","slug":"terapia-combinada-profesional-intensity-cx4-series","status":"publish","type":"product","link":"https:\/\/www.zannasalud.com\/tienda\/producto\/terapia-combinada-profesional-intensity-cx4-series\/","title":{"rendered":"TERAPIA COMBINADA PROFESIONAL INTENSITY CX4 SERIES"},"content":{"rendered":"<div id=\"goog-gt-tt\" class=\"skiptranslate\" dir=\"ltr\">\n<div style=\"padding: 8px;\">. Equipado con un color, la interfaz de pantalla t\u00e1ctil orientada a men\u00fas intuitivamente agrupa y muestra protocolos cl\u00ednicos, guiando a los m\u00e9dicos paso a paso para asegurar el tratamiento terap\u00e9utico ideal. L\u00f3gica de la forma de onda de la electroterapia Configuraci\u00f3n de par\u00e1metros apropiada Gu\u00eda de colocaci\u00f3n de electrodos Recomendaciones para aplicadores de ultrasonidos Unas pocas pulsaciones de tecla simples son todo lo que se necesita para iniciar un tratamiento r\u00e1pidamente. Los par\u00e1metros se pueden seleccionar y ajustar f\u00e1cilmente. Los cl\u00ednicos pueden optar por usar protocolos cl\u00ednicos preestablecidos o personalizar los suyos. La caracter\u00edstica \u00ab\u00bb Favoritos \u00ab\u00bb permite que los protocolos definidos por el usuario sean almacenados para uso futuro. Los cuatro canales de electroterapia se pueden utilizar en combinaci\u00f3n con ultrasonidos o totalmente independientes con diferentes protocolos funcionando simult\u00e1neamente. El cabezal ergon\u00f3mico de 5 cm\u00b2 proporciona una excelente ERA. Adem\u00e1s, el InTENSity CX4 ofrece una biblioteca completa con educaci\u00f3n sobre el tratamiento y sugiere la colocaci\u00f3n de electrodos para mejorar los resultados del tratamiento y mejorar la eficiencia cl\u00ednica \u00ab.<\/p>\n<div><\/div>\n<\/div>\n<\/div>\n<div class=\"goog-te-spinner-pos\">\n<div class=\"goog-te-spinner-animation\"><\/div>\n<\/div>\n","protected":false},"excerpt":{"rendered":"<p>\u00abLa InTENSity CX4 es una combinaci\u00f3n avanzada de cuatro canales de electroterapia y sistema de ultrasonido que ofrece al m\u00e9dico una amplia gama de opciones de tratamiento en un dise\u00f1o f\u00e1cil de usar y ergon\u00f3mico<\/p>\n","protected":false},"featured_media":6760,"template":"","meta":{"_acf_changed":false,"content-type":""},"product_brand":[],"product_cat":[13253,13255,13271,13252,13273],"product_tag":[14044,14049,14045,14046,14052,14050,14051,14047,12371,14048,14016],"class_list":{"0":"post-30463","1":"product","2":"type-product","3":"status-publish","4":"has-post-thumbnail","6":"product_cat-electroterapia-ultrasonidos-accesorios-laser-diaterma-microondas-onda-corta-estim-magnet","7":"product_cat-marca","8":"product_cat-roscoe-medical","9":"product_cat-modalidades","10":"product_cat-terapia-combinada-profesional","11":"product_tag-avanzado","12":"product_tag-color","13":"product_tag-combinacion","14":"product_tag-electroterapia","15":"product_tag-elegante","16":"product_tag-ergonomico","17":"product_tag-facil","18":"product_tag-interfaz","19":"product_tag-roscoe-medical","20":"product_tag-tactil","21":"product_tag-ultrasonido","23":"first","24":"onbackorder","25":"taxable","26":"shipping-taxable","27":"purchasable","28":"product-type-simple"},"acf":[],"_links":{"self":[{"href":"https:\/\/www.zannasalud.com\/tienda\/wp-json\/wp\/v2\/product\/30463","targetHints":{"allow":["GET"]}}],"collection":[{"href":"https:\/\/www.zannasalud.com\/tienda\/wp-json\/wp\/v2\/product"}],"about":[{"href":"https:\/\/www.zannasalud.com\/tienda\/wp-json\/wp\/v2\/types\/product"}],"wp:featuredmedia":[{"embeddable":true,"href":"https:\/\/www.zannasalud.com\/tienda\/wp-json\/wp\/v2\/media\/6760"}],"wp:attachment":[{"href":"https:\/\/www.zannasalud.com\/tienda\/wp-json\/wp\/v2\/media?parent=30463"}],"wp:term":[{"taxonomy":"product_brand","embeddable":true,"href":"https:\/\/www.zannasalud.com\/tienda\/wp-json\/wp\/v2\/product_brand?post=30463"},{"taxonomy":"product_cat","embeddable":true,"href":"https:\/\/www.zannasalud.com\/tienda\/wp-json\/wp\/v2\/product_cat?post=30463"},{"taxonomy":"product_tag","embeddable":true,"href":"https:\/\/www.zannasalud.com\/tienda\/wp-json\/wp\/v2\/product_tag?post=30463"}],"curies":[{"name":"wp","href":"https:\/\/api.w.org\/{rel}","templated":true}]}}