{"id":30461,"date":"2020-11-18T20:20:15","date_gmt":"2020-11-18T20:20:15","guid":{"rendered":"https:\/\/silver-louse-480719.hostingersite.com\/tienda\/producto\/electroestimulador-profesional-intensity-ex4-con-carro\/"},"modified":"2024-04-08T19:02:58","modified_gmt":"2024-04-08T19:02:58","slug":"electroestimulador-profesional-intensity-ex4-con-carro","status":"publish","type":"product","link":"https:\/\/www.zannasalud.com\/tienda\/producto\/electroestimulador-profesional-intensity-ex4-con-carro\/","title":{"rendered":"ELECTROESTIMULADOR PROFESIONAL INTENSITY EX4 CON CARRO"},"content":{"rendered":"<div id=\"goog-gt-tt\" class=\"skiptranslate\" dir=\"ltr\">\n<div style=\"padding: 8px;\">Equipado con un color, pantalla t\u00e1ctil orientada a men\u00fa de interfaz que intuitivamente grupos y muestra protocolos cl\u00ednicos, guiando a los m\u00e9dicos paso a paso para asegurar el tratamiento terap\u00e9utico ideal. Unas pocas pulsaciones de tecla simples son todo lo que se necesita para iniciar un tratamiento r\u00e1pidamente. Los par\u00e1metros se pueden seleccionar y ajustar f\u00e1cilmente. Los cl\u00ednicos pueden optar por usar protocolos cl\u00ednicos preestablecidos o personalizar los suyos. La caracter\u00edstica \u00ab\u00bb favoritos \u00ab\u00bb permite que los protocolos definidos por el usuario sean almacenados para uso futuro. Los cuatro canales de electroterapia se pueden utilizar en combinaci\u00f3n (vinculado) o totalmente independiente con diferentes protocolos que se ejecutan simult\u00e1neamente. La amplia capacidad de la InTENSity EX4 incluye: Estimulaci\u00f3n Interferencial Premodulada (IFC de 2 polos) Estimulaci\u00f3n Interferencial Tradicional (IFC de 4 polos) Bif\u00e1sico (TENS) Estimulaci\u00f3n Neuromuscular (NMS) Estimulaci\u00f3n Rusa Corriente pulsada de alto voltaje Microcorriente Adem\u00e1s, la InTENSity EX4 ofrece una biblioteca completa con educaci\u00f3n sobre el tratamiento y sugiere la colocaci\u00f3n de electrodos para obtener mejores resultados en el tratamiento y mejorar la eficiencia cl\u00ednica \u00ab.<\/p>\n<div><\/div>\n<\/div>\n<\/div>\n<div class=\"goog-te-spinner-pos\">\n<div class=\"goog-te-spinner-animation\"><\/div>\n<\/div>\n","protected":false},"excerpt":{"rendered":"<p>\u00abEl InTENSity EX4 es un avanzado sistema de electroterapia multifuncional de cuatro canales que ofrece al profesional una amplia gama de opciones de tratamiento en un dise\u00f1o ergon\u00f3mico y f\u00e1cil de usar.<\/p>\n","protected":false},"featured_media":6337,"template":"","meta":{"_acf_changed":false,"content-type":""},"product_brand":[],"product_cat":[13272,13253,13255,13271,13252],"product_tag":[12371],"class_list":{"0":"post-30461","1":"product","2":"type-product","3":"status-publish","4":"has-post-thumbnail","6":"product_cat-electroestimulacion","7":"product_cat-electroterapia-ultrasonidos-accesorios-laser-diaterma-microondas-onda-corta-estim-magnet","8":"product_cat-marca","9":"product_cat-roscoe-medical","10":"product_cat-modalidades","11":"product_tag-roscoe-medical","13":"first","14":"onbackorder","15":"taxable","16":"shipping-taxable","17":"purchasable","18":"product-type-simple"},"acf":[],"_links":{"self":[{"href":"https:\/\/www.zannasalud.com\/tienda\/wp-json\/wp\/v2\/product\/30461","targetHints":{"allow":["GET"]}}],"collection":[{"href":"https:\/\/www.zannasalud.com\/tienda\/wp-json\/wp\/v2\/product"}],"about":[{"href":"https:\/\/www.zannasalud.com\/tienda\/wp-json\/wp\/v2\/types\/product"}],"wp:featuredmedia":[{"embeddable":true,"href":"https:\/\/www.zannasalud.com\/tienda\/wp-json\/wp\/v2\/media\/6337"}],"wp:attachment":[{"href":"https:\/\/www.zannasalud.com\/tienda\/wp-json\/wp\/v2\/media?parent=30461"}],"wp:term":[{"taxonomy":"product_brand","embeddable":true,"href":"https:\/\/www.zannasalud.com\/tienda\/wp-json\/wp\/v2\/product_brand?post=30461"},{"taxonomy":"product_cat","embeddable":true,"href":"https:\/\/www.zannasalud.com\/tienda\/wp-json\/wp\/v2\/product_cat?post=30461"},{"taxonomy":"product_tag","embeddable":true,"href":"https:\/\/www.zannasalud.com\/tienda\/wp-json\/wp\/v2\/product_tag?post=30461"}],"curies":[{"name":"wp","href":"https:\/\/api.w.org\/{rel}","templated":true}]}}