{"id":30453,"date":"2020-11-18T20:20:07","date_gmt":"2020-11-18T20:20:07","guid":{"rendered":"https:\/\/silver-louse-480719.hostingersite.com\/tienda\/producto\/electroestimulador-venti-tens\/"},"modified":"2024-04-08T19:02:58","modified_gmt":"2024-04-08T19:02:58","slug":"electroestimulador-venti-tens","status":"publish","type":"product","link":"https:\/\/www.zannasalud.com\/tienda\/producto\/electroestimulador-venti-tens\/","title":{"rendered":"ELECTROESTIMULADOR VENTI TENS"},"content":{"rendered":"<div id=\"goog-gt-tt\" class=\"skiptranslate\" dir=\"ltr\">\n<div style=\"padding: 8px;\">El Venti TENS de Roscoe Medical es un dispositivo TENS digital con tres formas de onda y veinte modos de tratamiento para elegir. Este incre\u00edblemente avanzado dispositivo port\u00e1til de tama\u00f1o de bolsillo es conocido por su configuraci\u00f3n espec\u00edfica de la parte del cuerpo para ayudar a los pacientes con la configuraci\u00f3n f\u00e1cil y la aplicaci\u00f3n de cada programa. La flexibilidad de los programas de tratamiento (12 presets y 8 modos manuales) proporciona alivio para las condiciones de dolor agudas y cr\u00f3nicas. Tensiones digitales de doble canal (4 conductores) Dise\u00f1o suave y c\u00f3modo con pantalla LCD 12 modos de tratamiento manual y 8 manuales Tres formas de onda Bif\u00e1sico sim\u00e9trico Bif\u00e1sico Asim\u00e9trico Monof\u00e1sico Diagrama de parte del cuerpo para el alivio del dolor dirigido Sugerencias de colocaci\u00f3n de electrodos C\u00f3moda funda de transporte con cremallera Contador de cumplimiento Incluye: dispositivo TENS digital, par de cables conductores, 4 paquetes de electrodos autoadhesivos InTENSity, 2 pilas \u00abAA\u00bb, manual y maleta de transporte Ancho de pulso: 50 &#8211; 250 ?s Frecuencia de pulso: 1 &#8211; 150Hz M\u00e1xima salida: 130mA (valor m\u00e1ximo a 500ohm de carga)<\/p>\n<div><\/div>\n<\/div>\n<\/div>\n<div class=\"goog-te-spinner-pos\">\n<div class=\"goog-te-spinner-animation\"><\/div>\n<\/div>\n","protected":false},"excerpt":{"rendered":"<p>El Venti TENS de Roscoe Medical es un dispositivo TENS digital con tres formas de onda y veinte modos de tratamiento para elegir. Este incre\u00edblemente avanzado dispositivo port\u00e1til de tama\u00f1o de bolsillo es conocido por su configuraci\u00f3n espec\u00edfica de la parte del cuerpo para ayudar a los pacientes con la configuraci\u00f3n f\u00e1cil y la aplicaci\u00f3n [&hellip;]<\/p>\n","protected":false},"featured_media":6747,"template":"","meta":{"_acf_changed":false,"content-type":""},"product_brand":[],"product_cat":[13259,13253,13255,13271,13252],"product_tag":[12371],"class_list":{"0":"post-30453","1":"product","2":"type-product","3":"status-publish","4":"has-post-thumbnail","6":"product_cat-electroestimulacion-portatil","7":"product_cat-electroterapia-ultrasonidos-accesorios-laser-diaterma-microondas-onda-corta-estim-magnet","8":"product_cat-marca","9":"product_cat-roscoe-medical","10":"product_cat-modalidades","11":"product_tag-roscoe-medical","13":"first","14":"onbackorder","15":"taxable","16":"shipping-taxable","17":"purchasable","18":"product-type-simple"},"acf":[],"_links":{"self":[{"href":"https:\/\/www.zannasalud.com\/tienda\/wp-json\/wp\/v2\/product\/30453","targetHints":{"allow":["GET"]}}],"collection":[{"href":"https:\/\/www.zannasalud.com\/tienda\/wp-json\/wp\/v2\/product"}],"about":[{"href":"https:\/\/www.zannasalud.com\/tienda\/wp-json\/wp\/v2\/types\/product"}],"wp:featuredmedia":[{"embeddable":true,"href":"https:\/\/www.zannasalud.com\/tienda\/wp-json\/wp\/v2\/media\/6747"}],"wp:attachment":[{"href":"https:\/\/www.zannasalud.com\/tienda\/wp-json\/wp\/v2\/media?parent=30453"}],"wp:term":[{"taxonomy":"product_brand","embeddable":true,"href":"https:\/\/www.zannasalud.com\/tienda\/wp-json\/wp\/v2\/product_brand?post=30453"},{"taxonomy":"product_cat","embeddable":true,"href":"https:\/\/www.zannasalud.com\/tienda\/wp-json\/wp\/v2\/product_cat?post=30453"},{"taxonomy":"product_tag","embeddable":true,"href":"https:\/\/www.zannasalud.com\/tienda\/wp-json\/wp\/v2\/product_tag?post=30453"}],"curies":[{"name":"wp","href":"https:\/\/api.w.org\/{rel}","templated":true}]}}