{"id":30451,"date":"2020-11-18T20:20:07","date_gmt":"2020-11-18T20:20:07","guid":{"rendered":"https:\/\/silver-louse-480719.hostingersite.com\/tienda\/producto\/electroestimulador-r-2500-russian-stimulator\/"},"modified":"2024-04-08T19:02:58","modified_gmt":"2024-04-08T19:02:58","slug":"electroestimulador-r-2500-russian-stimulator","status":"publish","type":"product","link":"https:\/\/www.zannasalud.com\/tienda\/producto\/electroestimulador-r-2500-russian-stimulator\/","title":{"rendered":"ELECTROESTIMULADOR R-2500 &#8211; RUSSIAN STIMULATOR"},"content":{"rendered":"<div id=\"goog-gt-tt\" class=\"skiptranslate\" dir=\"ltr\">\n<div style=\"padding: 8px;\">R-2500, estimulador ruso con el adaptador de la CA.<\/p>\n<div><\/div>\n<\/div>\n<\/div>\n<div class=\"goog-te-spinner-pos\">\n<div class=\"goog-te-spinner-animation\"><\/div>\n<\/div>\n","protected":false},"excerpt":{"rendered":"<p>\u00c9ste es un dispositivo m\u00e9dico de la clase II y la ley federal restringe este dispositivo a la venta por o en la orden un m\u00e9dico<\/p>\n","protected":false},"featured_media":6743,"template":"","meta":{"_acf_changed":false,"content-type":""},"product_brand":[],"product_cat":[13259,13253,13255,13271,13252],"product_tag":[12371],"class_list":{"0":"post-30451","1":"product","2":"type-product","3":"status-publish","4":"has-post-thumbnail","6":"product_cat-electroestimulacion-portatil","7":"product_cat-electroterapia-ultrasonidos-accesorios-laser-diaterma-microondas-onda-corta-estim-magnet","8":"product_cat-marca","9":"product_cat-roscoe-medical","10":"product_cat-modalidades","11":"product_tag-roscoe-medical","13":"first","14":"onbackorder","15":"taxable","16":"shipping-taxable","17":"purchasable","18":"product-type-simple"},"acf":[],"_links":{"self":[{"href":"https:\/\/www.zannasalud.com\/tienda\/wp-json\/wp\/v2\/product\/30451","targetHints":{"allow":["GET"]}}],"collection":[{"href":"https:\/\/www.zannasalud.com\/tienda\/wp-json\/wp\/v2\/product"}],"about":[{"href":"https:\/\/www.zannasalud.com\/tienda\/wp-json\/wp\/v2\/types\/product"}],"wp:featuredmedia":[{"embeddable":true,"href":"https:\/\/www.zannasalud.com\/tienda\/wp-json\/wp\/v2\/media\/6743"}],"wp:attachment":[{"href":"https:\/\/www.zannasalud.com\/tienda\/wp-json\/wp\/v2\/media?parent=30451"}],"wp:term":[{"taxonomy":"product_brand","embeddable":true,"href":"https:\/\/www.zannasalud.com\/tienda\/wp-json\/wp\/v2\/product_brand?post=30451"},{"taxonomy":"product_cat","embeddable":true,"href":"https:\/\/www.zannasalud.com\/tienda\/wp-json\/wp\/v2\/product_cat?post=30451"},{"taxonomy":"product_tag","embeddable":true,"href":"https:\/\/www.zannasalud.com\/tienda\/wp-json\/wp\/v2\/product_tag?post=30451"}],"curies":[{"name":"wp","href":"https:\/\/api.w.org\/{rel}","templated":true}]}}