{"id":30448,"date":"2020-11-18T20:20:07","date_gmt":"2020-11-18T20:20:07","guid":{"rendered":"https:\/\/silver-louse-480719.hostingersite.com\/tienda\/producto\/electroestimulador-tens-7000-to-go-back-pain-relief-system\/"},"modified":"2024-04-08T19:02:58","modified_gmt":"2024-04-08T19:02:58","slug":"electroestimulador-tens-7000-to-go-back-pain-relief-system","status":"publish","type":"product","link":"https:\/\/www.zannasalud.com\/tienda\/producto\/electroestimulador-tens-7000-to-go-back-pain-relief-system\/","title":{"rendered":"ELECTROESTIMULADOR TENS 7000 TO GO BACK PAIN RELIEF SYSTEM"},"content":{"rendered":"<div id=\"goog-gt-tt\" class=\"skiptranslate\" dir=\"ltr\">\n<div style=\"padding: 8px;\">Este dispositivo f\u00e1cil de usar viene equipado con una cinta de soporte de electrodos conductores que transmite la corriente directamente al sitio del dolor. Con cinco modos de terapia preestablecidos, puede personalizar r\u00e1pidamente su terapia y orientar su dolor de espalda. Viene completo con el dispositivo de la TENS 7000, la correa conductora del electrodo de la ayuda, el aerosol conductor, el alambre de chispear-en, una bater\u00eda de 9 voltios y el manual del usuario. FDA autorizado para la venta de venta libre, un gran art\u00edculo al por menor. FDA autorizado para la venta de venta libre (no se requiere receta m\u00e9dica) La tecnolog\u00eda TENS estimula los analg\u00e9sicos naturales del cuerpo Dispositivo port\u00e1til y cintur\u00f3n de soporte simple para operar para el control del dolor El dispositivo tiene cinco modos de terapia preestablecidos que le permiten personalizar su terapia y orientar su dolor Viene completo con el dispositivo de la TENS 7000, la correa conductora del electrodo, el aerosol conductor, el alambre de chispear-en, una bater\u00eda de 9 voltios y el manual del usuario<\/p>\n<div><\/div>\n<\/div>\n<\/div>\n<div class=\"goog-te-spinner-pos\">\n<div class=\"goog-te-spinner-animation\"><\/div>\n<\/div>\n","protected":false},"excerpt":{"rendered":"<p>El Sistema de Alivio del Dolor TENS 7000 To Go Back es un dispositivo TENS de venta libre sin receta m\u00e9dica que proporciona alivio del dolor de la fuerza de la prescripci\u00f3n asociado con dolor y dolores musculares en la espalda baja.<\/p>\n","protected":false},"featured_media":6735,"template":"","meta":{"_acf_changed":false,"content-type":""},"product_brand":[],"product_cat":[13259,13253,13255,13271,13252],"product_tag":[12371],"class_list":{"0":"post-30448","1":"product","2":"type-product","3":"status-publish","4":"has-post-thumbnail","6":"product_cat-electroestimulacion-portatil","7":"product_cat-electroterapia-ultrasonidos-accesorios-laser-diaterma-microondas-onda-corta-estim-magnet","8":"product_cat-marca","9":"product_cat-roscoe-medical","10":"product_cat-modalidades","11":"product_tag-roscoe-medical","13":"first","14":"onbackorder","15":"taxable","16":"shipping-taxable","17":"purchasable","18":"product-type-simple"},"acf":[],"_links":{"self":[{"href":"https:\/\/www.zannasalud.com\/tienda\/wp-json\/wp\/v2\/product\/30448","targetHints":{"allow":["GET"]}}],"collection":[{"href":"https:\/\/www.zannasalud.com\/tienda\/wp-json\/wp\/v2\/product"}],"about":[{"href":"https:\/\/www.zannasalud.com\/tienda\/wp-json\/wp\/v2\/types\/product"}],"wp:featuredmedia":[{"embeddable":true,"href":"https:\/\/www.zannasalud.com\/tienda\/wp-json\/wp\/v2\/media\/6735"}],"wp:attachment":[{"href":"https:\/\/www.zannasalud.com\/tienda\/wp-json\/wp\/v2\/media?parent=30448"}],"wp:term":[{"taxonomy":"product_brand","embeddable":true,"href":"https:\/\/www.zannasalud.com\/tienda\/wp-json\/wp\/v2\/product_brand?post=30448"},{"taxonomy":"product_cat","embeddable":true,"href":"https:\/\/www.zannasalud.com\/tienda\/wp-json\/wp\/v2\/product_cat?post=30448"},{"taxonomy":"product_tag","embeddable":true,"href":"https:\/\/www.zannasalud.com\/tienda\/wp-json\/wp\/v2\/product_tag?post=30448"}],"curies":[{"name":"wp","href":"https:\/\/api.w.org\/{rel}","templated":true}]}}