{"id":30447,"date":"2020-11-18T20:20:07","date_gmt":"2020-11-18T20:20:07","guid":{"rendered":"https:\/\/silver-louse-480719.hostingersite.com\/tienda\/producto\/electroestimulador-toptens-pain-relief-system\/"},"modified":"2024-04-08T19:02:58","modified_gmt":"2024-04-08T19:02:58","slug":"electroestimulador-toptens-pain-relief-system","status":"publish","type":"product","link":"https:\/\/www.zannasalud.com\/tienda\/producto\/electroestimulador-toptens-pain-relief-system\/","title":{"rendered":"ELECTROESTIMULADOR TOPTENS PAIN RELIEF SYSTEM"},"content":{"rendered":"<div id=\"goog-gt-tt\" class=\"skiptranslate\" dir=\"ltr\">\n<div style=\"padding: 8px;\">Este dispositivo f\u00e1cil de usar viene equipado con ocho programas preestablecidos que le permiten personalizar su terapia y orientar su dolor. Viene completo con tres pilas AAA, cables de plomo y cuatro electrodos reutilizables para una terapia eficaz en cualquier lugar. Un gran art\u00edculo minorista, ya que es aprobado por la FDA para la venta de venta libre. FDA autorizado para la venta de venta libre (no se requiere receta). La tecnolog\u00eda TENS estimula los analg\u00e9sicos naturales del cuerpo. La salida de alta intensidad es mayor que otros dispositivos TENS port\u00e1tiles Dispositivo port\u00e1til f\u00e1cil de manejar para el manejo del dolor. El dispositivo tiene ocho programas preestablecidos que le permiten personalizar su terapia y orientar su dolor. Viene completo con el dispositivo de TopTENS, dos alambres de plomo, 3 bater\u00edas del AAA, manual del usuario y paquete de cuatro electrodos reutilizables autoadhesivos.<\/p>\n<div><\/div>\n<\/div>\n<\/div>\n<div class=\"goog-te-spinner-pos\">\n<div class=\"goog-te-spinner-animation\"><\/div>\n<\/div>\n","protected":false},"excerpt":{"rendered":"<p>El Sistema de Alivio del Dolor de TopTENS es un dispositivo de venta sin receta recomendado por el m\u00e9dico que proporciona alivio del dolor con receta m\u00e9dica asociado con los m\u00fasculos doloridos de las extremidades superiores e inferiores debido a la fatiga del ejercicio o las actividades dom\u00e9sticas y laborales normales.<\/p>\n","protected":false},"featured_media":6733,"template":"","meta":{"_acf_changed":false,"content-type":""},"product_brand":[],"product_cat":[13259,13253,13255,13271,13252],"product_tag":[12371],"class_list":{"0":"post-30447","1":"product","2":"type-product","3":"status-publish","4":"has-post-thumbnail","6":"product_cat-electroestimulacion-portatil","7":"product_cat-electroterapia-ultrasonidos-accesorios-laser-diaterma-microondas-onda-corta-estim-magnet","8":"product_cat-marca","9":"product_cat-roscoe-medical","10":"product_cat-modalidades","11":"product_tag-roscoe-medical","13":"first","14":"onbackorder","15":"taxable","16":"shipping-taxable","17":"purchasable","18":"product-type-simple"},"acf":[],"_links":{"self":[{"href":"https:\/\/www.zannasalud.com\/tienda\/wp-json\/wp\/v2\/product\/30447","targetHints":{"allow":["GET"]}}],"collection":[{"href":"https:\/\/www.zannasalud.com\/tienda\/wp-json\/wp\/v2\/product"}],"about":[{"href":"https:\/\/www.zannasalud.com\/tienda\/wp-json\/wp\/v2\/types\/product"}],"wp:featuredmedia":[{"embeddable":true,"href":"https:\/\/www.zannasalud.com\/tienda\/wp-json\/wp\/v2\/media\/6733"}],"wp:attachment":[{"href":"https:\/\/www.zannasalud.com\/tienda\/wp-json\/wp\/v2\/media?parent=30447"}],"wp:term":[{"taxonomy":"product_brand","embeddable":true,"href":"https:\/\/www.zannasalud.com\/tienda\/wp-json\/wp\/v2\/product_brand?post=30447"},{"taxonomy":"product_cat","embeddable":true,"href":"https:\/\/www.zannasalud.com\/tienda\/wp-json\/wp\/v2\/product_cat?post=30447"},{"taxonomy":"product_tag","embeddable":true,"href":"https:\/\/www.zannasalud.com\/tienda\/wp-json\/wp\/v2\/product_tag?post=30447"}],"curies":[{"name":"wp","href":"https:\/\/api.w.org\/{rel}","templated":true}]}}