{"id":30442,"date":"2020-11-18T20:20:07","date_gmt":"2020-11-18T20:20:07","guid":{"rendered":"https:\/\/silver-louse-480719.hostingersite.com\/tienda\/producto\/electroestimulador-intensity-select-combo-tens-if-mic-ems\/"},"modified":"2025-04-04T14:31:17","modified_gmt":"2025-04-04T14:31:17","slug":"electroestimulador-intensity-select-combo-tens-if-mic-ems","status":"publish","type":"product","link":"https:\/\/www.zannasalud.com\/tienda\/producto\/electroestimulador-intensity-select-combo-tens-if-mic-ems\/","title":{"rendered":"ELECTROESTIMULADOR PORTATIL InTENSity Select Combo &#8211; TENS\/IF\/MIC\/EMS"},"content":{"rendered":"<p>El InTENSity Select Combo es un dispositivo port\u00e1til potente y f\u00e1cil de usar. Completa con cuatro formas de onda, la unidad le brinda a usted y a sus pacientes la flexibilidad de tratar una variedad de problemas musculoesquel\u00e9ticos. Con una fuerte corriente de 105 mA, este innovador dispositivo combina TENS, EMS, interferencial y microcorriente y viene completo con un adaptador de CA que garantiza que siempre tenga energ\u00eda para el dispositivo cuando viaja.<br \/>\nDispositivo port\u00e1til y f\u00e1cil de operar para el manejo del dolor<br \/>\nCuatro formas de onda, TENS, EMS, Interential y Microcorriente<br \/>\nViene completo con estuche de transporte, dos juegos de cables conductores, bater\u00eda de 9 voltios, adaptador de CA, manual y paquete de cuatro electrodos reutilizables autoadhesivos<br \/>\nFuente de alimentaci\u00f3n: bater\u00eda est\u00e1ndar de 9 voltios o adaptador de CA<br \/>\nDimensiones: 4.5&#8243; x 2.55&#8243; x 0.9&#8243;<br \/>\nPeso: 0.28 lb. con bater\u00eda<br \/>\nUn a\u00f1o de garant\u00eda<\/p>\n","protected":false},"excerpt":{"rendered":"<p>Dispositivo que combina TENS, EMS, interferencial y microcorriente. <\/p>\n","protected":false},"featured_media":9429,"template":"","meta":{"_acf_changed":false,"content-type":""},"product_brand":[],"product_cat":[13259,13253,13255,13271,13252],"product_tag":[12371],"class_list":{"0":"post-30442","1":"product","2":"type-product","3":"status-publish","4":"has-post-thumbnail","6":"product_cat-electroestimulacion-portatil","7":"product_cat-electroterapia-ultrasonidos-accesorios-laser-diaterma-microondas-onda-corta-estim-magnet","8":"product_cat-marca","9":"product_cat-roscoe-medical","10":"product_cat-modalidades","11":"product_tag-roscoe-medical","13":"first","14":"onbackorder","15":"taxable","16":"shipping-taxable","17":"purchasable","18":"product-type-simple"},"acf":[],"_links":{"self":[{"href":"https:\/\/www.zannasalud.com\/tienda\/wp-json\/wp\/v2\/product\/30442","targetHints":{"allow":["GET"]}}],"collection":[{"href":"https:\/\/www.zannasalud.com\/tienda\/wp-json\/wp\/v2\/product"}],"about":[{"href":"https:\/\/www.zannasalud.com\/tienda\/wp-json\/wp\/v2\/types\/product"}],"wp:featuredmedia":[{"embeddable":true,"href":"https:\/\/www.zannasalud.com\/tienda\/wp-json\/wp\/v2\/media\/9429"}],"wp:attachment":[{"href":"https:\/\/www.zannasalud.com\/tienda\/wp-json\/wp\/v2\/media?parent=30442"}],"wp:term":[{"taxonomy":"product_brand","embeddable":true,"href":"https:\/\/www.zannasalud.com\/tienda\/wp-json\/wp\/v2\/product_brand?post=30442"},{"taxonomy":"product_cat","embeddable":true,"href":"https:\/\/www.zannasalud.com\/tienda\/wp-json\/wp\/v2\/product_cat?post=30442"},{"taxonomy":"product_tag","embeddable":true,"href":"https:\/\/www.zannasalud.com\/tienda\/wp-json\/wp\/v2\/product_tag?post=30442"}],"curies":[{"name":"wp","href":"https:\/\/api.w.org\/{rel}","templated":true}]}}