{"id":30441,"date":"2020-11-18T20:20:07","date_gmt":"2020-11-18T20:20:07","guid":{"rendered":"https:\/\/silver-louse-480719.hostingersite.com\/tienda\/producto\/electroestimulador-intensity-if-combo-tens-if-device\/"},"modified":"2024-04-08T19:02:57","modified_gmt":"2024-04-08T19:02:57","slug":"electroestimulador-intensity-if-combo-tens-if-device","status":"publish","type":"product","link":"https:\/\/www.zannasalud.com\/tienda\/producto\/electroestimulador-intensity-if-combo-tens-if-device\/","title":{"rendered":"ELECTROESTIMULADOR INTENSITY IF COMBO (TENS\/IF) DEVICE"},"content":{"rendered":"<div id=\"goog-gt-tt\" class=\"skiptranslate\" dir=\"ltr\">\n<div style=\"padding: 8px;\">El IF Combo tiene cuatro modos de funcionamiento en TENS y Interferencial, asegurando que su paciente est\u00e1 recibiendo m\u00e1s Alivio del dolor. La unidad es de 105 mA fuerte y viene completo con un adaptador de CA para permitir a los pacientes obtener alivio en cualquier lugar._x000D_ Dispositivo port\u00e1til de manejo del dolor simple de operar_x000D_ Combina TENS y tratamiento interferencial para pacientes que necesitan una terapia m\u00e1s fuerte_x000D_ Viene completo con estuche de transporte, dos juegos de cables de plomo, bater\u00eda de 9 voltios, adaptador de CA, manual y paquete de cuatro electrodos reutilizables autoadhesivos_x000D_<br \/>\nFuente de alimentaci\u00f3n: Bater\u00eda est\u00e1ndar de 9 voltios o adaptador de CA_x000D_<br \/>\nDimensiones: 4.5 \u00bb x 2.55 \u00bb x 0.9 \u00ab_x000D_<br \/>\nPeso: 0.28 libras con la bater\u00eda_x000D_<br \/>\nGarant\u00eda de un a\u00f1o_x000D_<br \/>\nC\u00f3digo HCPCS: E0730 * para unidad TENS_x000D_ C\u00f3digo HCPCS: A4595 * para suministros de electroterapia<\/p>\n<div><\/div>\n<\/div>\n<\/div>\n<div class=\"goog-te-spinner-pos\">\n<div class=\"goog-te-spinner-animation\"><\/div>\n<\/div>\n","protected":false},"excerpt":{"rendered":"<p>El InTENSity IF Combo combina la TENS y el tratamiento Interferencial, lo que le da la mejor oportunidad de tratar a pacientes que necesitan algo m\u00e1s fuerte que la terapia TENS sola.<\/p>\n","protected":false},"featured_media":9426,"template":"","meta":{"_acf_changed":false,"content-type":""},"product_brand":[],"product_cat":[13259,13253,13255,13271,13252],"product_tag":[12371],"class_list":{"0":"post-30441","1":"product","2":"type-product","3":"status-publish","4":"has-post-thumbnail","6":"product_cat-electroestimulacion-portatil","7":"product_cat-electroterapia-ultrasonidos-accesorios-laser-diaterma-microondas-onda-corta-estim-magnet","8":"product_cat-marca","9":"product_cat-roscoe-medical","10":"product_cat-modalidades","11":"product_tag-roscoe-medical","13":"first","14":"onbackorder","15":"taxable","16":"shipping-taxable","17":"purchasable","18":"product-type-simple"},"acf":[],"_links":{"self":[{"href":"https:\/\/www.zannasalud.com\/tienda\/wp-json\/wp\/v2\/product\/30441","targetHints":{"allow":["GET"]}}],"collection":[{"href":"https:\/\/www.zannasalud.com\/tienda\/wp-json\/wp\/v2\/product"}],"about":[{"href":"https:\/\/www.zannasalud.com\/tienda\/wp-json\/wp\/v2\/types\/product"}],"wp:featuredmedia":[{"embeddable":true,"href":"https:\/\/www.zannasalud.com\/tienda\/wp-json\/wp\/v2\/media\/9426"}],"wp:attachment":[{"href":"https:\/\/www.zannasalud.com\/tienda\/wp-json\/wp\/v2\/media?parent=30441"}],"wp:term":[{"taxonomy":"product_brand","embeddable":true,"href":"https:\/\/www.zannasalud.com\/tienda\/wp-json\/wp\/v2\/product_brand?post=30441"},{"taxonomy":"product_cat","embeddable":true,"href":"https:\/\/www.zannasalud.com\/tienda\/wp-json\/wp\/v2\/product_cat?post=30441"},{"taxonomy":"product_tag","embeddable":true,"href":"https:\/\/www.zannasalud.com\/tienda\/wp-json\/wp\/v2\/product_tag?post=30441"}],"curies":[{"name":"wp","href":"https:\/\/api.w.org\/{rel}","templated":true}]}}