{"id":30440,"date":"2020-11-18T20:20:07","date_gmt":"2020-11-18T20:20:07","guid":{"rendered":"https:\/\/silver-louse-480719.hostingersite.com\/tienda\/producto\/electroestimulador-ntensity-twin-stim-iii\/"},"modified":"2025-04-04T14:30:31","modified_gmt":"2025-04-04T14:30:31","slug":"electroestimulador-ntensity-twin-stim-iii","status":"publish","type":"product","link":"https:\/\/www.zannasalud.com\/tienda\/producto\/electroestimulador-ntensity-twin-stim-iii\/","title":{"rendered":"ELECTROESTIMULADOR  NTENSITY TWIN STIM III"},"content":{"rendered":"<p>El InTENSity Twin Stim III combina la terapia TENS y EMS en un dispositivo digital f\u00e1cil de usar. Cuando funciona en modo TENS, la unidad tiene cuatro modos y tres modos cuando funciona en modo EMS. L\u00edder de la industria con 105 mA, este dispositivo viene de serie con un adaptador de CA.<br \/>\nDispositivo port\u00e1til y f\u00e1cil de operar para el manejo del dolor<br \/>\nLa unidad combina la terapia TENS y EMS para un tratamiento \u00f3ptimo<br \/>\nCuatro modos para la terapia TENS: R\u00e1faga, Normal, Mod 1 y Mod 2<br \/>\nTres modos para la terapia EMS: s\u00edncrono, asincr\u00f3nico y retardo<br \/>\nViene completo con estuche de transporte, dos juegos de cables conductores, bater\u00eda de 9 voltios, adaptador de CA, manual y paquete de cuatro electrodos reutilizables autoadhesivos<br \/>\nFuente de alimentaci\u00f3n: bater\u00eda est\u00e1ndar de 9 voltios o adaptador de CA<br \/>\nDimensiones: 4.5&#8243; x 2.55&#8243; x 0.9&#8243;<br \/>\nPeso: 0.28 lb. con bater\u00eda<br \/>\nUn a\u00f1o de garant\u00eda<\/p>\n","protected":false},"excerpt":{"rendered":"<p>InTENSity Twin Stim III: dispositivo combinado TENS y EMS<\/p>\n","protected":false},"featured_media":6724,"template":"","meta":{"_acf_changed":false,"content-type":""},"product_brand":[],"product_cat":[13259,13253,13255,13271,13252],"product_tag":[12371],"class_list":{"0":"post-30440","1":"product","2":"type-product","3":"status-publish","4":"has-post-thumbnail","6":"product_cat-electroestimulacion-portatil","7":"product_cat-electroterapia-ultrasonidos-accesorios-laser-diaterma-microondas-onda-corta-estim-magnet","8":"product_cat-marca","9":"product_cat-roscoe-medical","10":"product_cat-modalidades","11":"product_tag-roscoe-medical","13":"first","14":"onbackorder","15":"taxable","16":"shipping-taxable","17":"purchasable","18":"product-type-simple"},"acf":[],"_links":{"self":[{"href":"https:\/\/www.zannasalud.com\/tienda\/wp-json\/wp\/v2\/product\/30440","targetHints":{"allow":["GET"]}}],"collection":[{"href":"https:\/\/www.zannasalud.com\/tienda\/wp-json\/wp\/v2\/product"}],"about":[{"href":"https:\/\/www.zannasalud.com\/tienda\/wp-json\/wp\/v2\/types\/product"}],"wp:featuredmedia":[{"embeddable":true,"href":"https:\/\/www.zannasalud.com\/tienda\/wp-json\/wp\/v2\/media\/6724"}],"wp:attachment":[{"href":"https:\/\/www.zannasalud.com\/tienda\/wp-json\/wp\/v2\/media?parent=30440"}],"wp:term":[{"taxonomy":"product_brand","embeddable":true,"href":"https:\/\/www.zannasalud.com\/tienda\/wp-json\/wp\/v2\/product_brand?post=30440"},{"taxonomy":"product_cat","embeddable":true,"href":"https:\/\/www.zannasalud.com\/tienda\/wp-json\/wp\/v2\/product_cat?post=30440"},{"taxonomy":"product_tag","embeddable":true,"href":"https:\/\/www.zannasalud.com\/tienda\/wp-json\/wp\/v2\/product_tag?post=30440"}],"curies":[{"name":"wp","href":"https:\/\/api.w.org\/{rel}","templated":true}]}}