{"id":30437,"date":"2020-11-18T20:19:58","date_gmt":"2020-11-18T20:19:58","guid":{"rendered":"https:\/\/silver-louse-480719.hostingersite.com\/tienda\/producto\/electroestimulador-intensity-10-digital-tens\/"},"modified":"2025-04-04T14:30:31","modified_gmt":"2025-04-04T14:30:31","slug":"electroestimulador-intensity-10-digital-tens","status":"publish","type":"product","link":"https:\/\/www.zannasalud.com\/tienda\/producto\/electroestimulador-intensity-10-digital-tens\/","title":{"rendered":"ELECTROESTIMULADOR  INTENSITY 10 DIGITAL TENS"},"content":{"rendered":"<p>El dispositivo TENS digital InTENSity 10 permite a los pacientes seleccionar entre diez \u00edconos corporales preestablecidos para la terapia dirigida, lo que lo convierte en el dispositivo TENS m\u00e1s f\u00e1cil y efectivo disponible en el mercado hoy en d\u00eda. Con solo presionar dos botones, el dispositivo f\u00e1cil de usar est\u00e1 listo para operar de manera efectiva seg\u00fan el \u00e1rea del cuerpo que se est\u00e9 tratando. Viene completo con adaptador de CA para una terapia eficaz sobre la marcha.<br \/>\nDispositivo port\u00e1til y f\u00e1cil de operar para el manejo del dolor<br \/>\nOperaci\u00f3n con 2 botones<br \/>\nEl dispositivo tiene diez selecciones preestablecidas de partes del cuerpo, lo que facilita a los pacientes apuntar a ciertas \u00e1reas con dolor<br \/>\nLas selecciones de partes del cuerpo incluyen: cuello, hombro, parte media de la espalda, espalda baja, codo, mu\u00f1eca, cadera, rodilla, tobillo y pie<br \/>\nLas selecciones de partes individuales del cuerpo tienen un programa de tratamiento personalizado basado en protocolos investigados<br \/>\nViene completo con estuche de transporte, dos juegos de cables conductores, bater\u00eda de 9 voltios, adaptador de CA, manual y paquete de cuatro electrodos reutilizables autoadhesivos<br \/>\nFuente de alimentaci\u00f3n: bater\u00eda est\u00e1ndar de 9 voltios o adaptador de CA<br \/>\nAmplitud de pulso: 105 mA<br \/>\nDimensiones: 4.5&#8243; x 2.55&#8243; x 0.9&#8243;<br \/>\nPeso: 0.28 lb. con bater\u00eda<br \/>\nUn a\u00f1o de garant\u00eda<\/p>\n","protected":false},"excerpt":{"rendered":"<p>InTENSity 10: dispositivo TENS f\u00e1cil de usar con diez opciones de tratamiento<\/p>\n","protected":false},"featured_media":6716,"template":"","meta":{"_acf_changed":false,"content-type":""},"product_brand":[],"product_cat":[13259,13253,13255,13271,13252],"product_tag":[12371],"class_list":{"0":"post-30437","1":"product","2":"type-product","3":"status-publish","4":"has-post-thumbnail","6":"product_cat-electroestimulacion-portatil","7":"product_cat-electroterapia-ultrasonidos-accesorios-laser-diaterma-microondas-onda-corta-estim-magnet","8":"product_cat-marca","9":"product_cat-roscoe-medical","10":"product_cat-modalidades","11":"product_tag-roscoe-medical","13":"first","14":"onbackorder","15":"taxable","16":"shipping-taxable","17":"purchasable","18":"product-type-simple"},"acf":[],"_links":{"self":[{"href":"https:\/\/www.zannasalud.com\/tienda\/wp-json\/wp\/v2\/product\/30437","targetHints":{"allow":["GET"]}}],"collection":[{"href":"https:\/\/www.zannasalud.com\/tienda\/wp-json\/wp\/v2\/product"}],"about":[{"href":"https:\/\/www.zannasalud.com\/tienda\/wp-json\/wp\/v2\/types\/product"}],"wp:featuredmedia":[{"embeddable":true,"href":"https:\/\/www.zannasalud.com\/tienda\/wp-json\/wp\/v2\/media\/6716"}],"wp:attachment":[{"href":"https:\/\/www.zannasalud.com\/tienda\/wp-json\/wp\/v2\/media?parent=30437"}],"wp:term":[{"taxonomy":"product_brand","embeddable":true,"href":"https:\/\/www.zannasalud.com\/tienda\/wp-json\/wp\/v2\/product_brand?post=30437"},{"taxonomy":"product_cat","embeddable":true,"href":"https:\/\/www.zannasalud.com\/tienda\/wp-json\/wp\/v2\/product_cat?post=30437"},{"taxonomy":"product_tag","embeddable":true,"href":"https:\/\/www.zannasalud.com\/tienda\/wp-json\/wp\/v2\/product_tag?post=30437"}],"curies":[{"name":"wp","href":"https:\/\/api.w.org\/{rel}","templated":true}]}}