{"id":30435,"date":"2020-11-18T20:19:58","date_gmt":"2020-11-18T20:19:58","guid":{"rendered":"https:\/\/silver-louse-480719.hostingersite.com\/tienda\/producto\/electroestimulador-digital-wireless-mini-stim-ems-unit\/"},"modified":"2024-04-08T19:02:57","modified_gmt":"2024-04-08T19:02:57","slug":"electroestimulador-digital-wireless-mini-stim-ems-unit","status":"publish","type":"product","link":"https:\/\/www.zannasalud.com\/tienda\/producto\/electroestimulador-digital-wireless-mini-stim-ems-unit\/","title":{"rendered":"ELECTROESTIMULADOR DIGITAL WIRELESS MINI STIM EMS UNIT"},"content":{"rendered":"<div id=\"goog-gt-tt\" class=\"skiptranslate\" dir=\"ltr\">\n<div style=\"padding: 8px;\">Es f\u00e1cil de usar y es un calmante para el dolor muy eficaz Mini Stim EMS dispositivo incluye: dispositivo, bater\u00eda, coj\u00edn de electrodo, El alambre del broche de presi\u00f3n, el caso que lleva y el manual de la instrucci\u00f3n. 15 intensidades de salida Pantalla LCD intercambiable con temporizador \/ modo \/ nivel de intensidad Eficaz para ayudar a manejar problemas de dolor en particular Se utiliza para ayudar al tratamiento de dolor de cabeza, dolor de muelas, dolor de espalda, codo de tenista, tensiones deportivas y lesiones musculares Alivia el dolor en el \u00e1rea aplicada Ayuda a fortalecer y tonificar los m\u00fasculos \u00bb<\/p>\n<div><\/div>\n<\/div>\n<\/div>\n<div class=\"goog-te-spinner-pos\">\n<div class=\"goog-te-spinner-animation\"><\/div>\n<\/div>\n","protected":false},"excerpt":{"rendered":"<p>Mini Stim EMS El dispositivo incluye: TENS y EMS en m\u00faltiples programas.<\/p>\n","protected":false},"featured_media":3761,"template":"","meta":{"_acf_changed":false,"content-type":""},"product_brand":[],"product_cat":[13259,13253,13255,13271,13252],"product_tag":[12371],"class_list":{"0":"post-30435","1":"product","2":"type-product","3":"status-publish","4":"has-post-thumbnail","6":"product_cat-electroestimulacion-portatil","7":"product_cat-electroterapia-ultrasonidos-accesorios-laser-diaterma-microondas-onda-corta-estim-magnet","8":"product_cat-marca","9":"product_cat-roscoe-medical","10":"product_cat-modalidades","11":"product_tag-roscoe-medical","13":"first","14":"onbackorder","15":"taxable","16":"shipping-taxable","17":"purchasable","18":"product-type-simple"},"acf":[],"_links":{"self":[{"href":"https:\/\/www.zannasalud.com\/tienda\/wp-json\/wp\/v2\/product\/30435","targetHints":{"allow":["GET"]}}],"collection":[{"href":"https:\/\/www.zannasalud.com\/tienda\/wp-json\/wp\/v2\/product"}],"about":[{"href":"https:\/\/www.zannasalud.com\/tienda\/wp-json\/wp\/v2\/types\/product"}],"wp:featuredmedia":[{"embeddable":true,"href":"https:\/\/www.zannasalud.com\/tienda\/wp-json\/wp\/v2\/media\/3761"}],"wp:attachment":[{"href":"https:\/\/www.zannasalud.com\/tienda\/wp-json\/wp\/v2\/media?parent=30435"}],"wp:term":[{"taxonomy":"product_brand","embeddable":true,"href":"https:\/\/www.zannasalud.com\/tienda\/wp-json\/wp\/v2\/product_brand?post=30435"},{"taxonomy":"product_cat","embeddable":true,"href":"https:\/\/www.zannasalud.com\/tienda\/wp-json\/wp\/v2\/product_cat?post=30435"},{"taxonomy":"product_tag","embeddable":true,"href":"https:\/\/www.zannasalud.com\/tienda\/wp-json\/wp\/v2\/product_tag?post=30435"}],"curies":[{"name":"wp","href":"https:\/\/api.w.org\/{rel}","templated":true}]}}