{"id":30431,"date":"2020-11-18T20:19:58","date_gmt":"2020-11-18T20:19:58","guid":{"rendered":"https:\/\/silver-louse-480719.hostingersite.com\/tienda\/producto\/electroestimulador-caretec-iv\/"},"modified":"2025-04-04T14:30:29","modified_gmt":"2025-04-04T14:30:29","slug":"electroestimulador-caretec-iv","status":"publish","type":"product","link":"https:\/\/www.zannasalud.com\/tienda\/producto\/electroestimulador-caretec-iv\/","title":{"rendered":"ELECTROESTIMULADOR  CARETEC IV"},"content":{"rendered":"<p>El Care Tec IV combina las formas de onda de la terapia rusa, EMS, TENS e IF en una unidad port\u00e1til. El dispositivo ofrece modos preestablecidos que pueden ser definidos por el usuario. M\u00e1xima portabilidad y funcionamiento sencillo que le ofrece todas las opciones de un dispositivo cl\u00ednico en un paquete port\u00e1til.<br \/>\nDispositivo de doble canal<br \/>\nDispositivo port\u00e1til y f\u00e1cil de operar para el manejo del dolor<br \/>\nCuatro formas de onda, rusa, EMS, TENS e IF<br \/>\nViene completo con estuche de transporte, cables conductores, bater\u00eda de 9 voltios, adaptador de CA, manual y paquete de cuatro electrodos reutilizables autoadhesivos<br \/>\nFuente de alimentaci\u00f3n: bater\u00eda est\u00e1ndar de 9 voltios o adaptador de CA<br \/>\nDimensiones: 4.5 x 2.55 x 0.9 inch<br \/>\nPeso: 0.28 lb. con bater\u00eda<br \/>\nUn a\u00f1o de garant\u00eda<\/p>\n","protected":false},"excerpt":{"rendered":"<p>Unidad portatil que combina las formas de onda de la terapia rusa, EMS, TENS e IF. <\/p>\n","protected":false},"featured_media":6708,"template":"","meta":{"_acf_changed":false,"content-type":""},"product_brand":[],"product_cat":[13259,13253,13255,13271,13252],"product_tag":[12371],"class_list":{"0":"post-30431","1":"product","2":"type-product","3":"status-publish","4":"has-post-thumbnail","6":"product_cat-electroestimulacion-portatil","7":"product_cat-electroterapia-ultrasonidos-accesorios-laser-diaterma-microondas-onda-corta-estim-magnet","8":"product_cat-marca","9":"product_cat-roscoe-medical","10":"product_cat-modalidades","11":"product_tag-roscoe-medical","13":"first","14":"onbackorder","15":"taxable","16":"shipping-taxable","17":"purchasable","18":"product-type-simple"},"acf":[],"_links":{"self":[{"href":"https:\/\/www.zannasalud.com\/tienda\/wp-json\/wp\/v2\/product\/30431","targetHints":{"allow":["GET"]}}],"collection":[{"href":"https:\/\/www.zannasalud.com\/tienda\/wp-json\/wp\/v2\/product"}],"about":[{"href":"https:\/\/www.zannasalud.com\/tienda\/wp-json\/wp\/v2\/types\/product"}],"wp:featuredmedia":[{"embeddable":true,"href":"https:\/\/www.zannasalud.com\/tienda\/wp-json\/wp\/v2\/media\/6708"}],"wp:attachment":[{"href":"https:\/\/www.zannasalud.com\/tienda\/wp-json\/wp\/v2\/media?parent=30431"}],"wp:term":[{"taxonomy":"product_brand","embeddable":true,"href":"https:\/\/www.zannasalud.com\/tienda\/wp-json\/wp\/v2\/product_brand?post=30431"},{"taxonomy":"product_cat","embeddable":true,"href":"https:\/\/www.zannasalud.com\/tienda\/wp-json\/wp\/v2\/product_cat?post=30431"},{"taxonomy":"product_tag","embeddable":true,"href":"https:\/\/www.zannasalud.com\/tienda\/wp-json\/wp\/v2\/product_tag?post=30431"}],"curies":[{"name":"wp","href":"https:\/\/api.w.org\/{rel}","templated":true}]}}