{"id":30426,"date":"2020-11-18T20:19:58","date_gmt":"2020-11-18T20:19:58","guid":{"rendered":"https:\/\/silver-louse-480719.hostingersite.com\/tienda\/producto\/ultrasonido-institucional-mettler-sonicator-740x\/"},"modified":"2024-04-08T19:02:52","modified_gmt":"2024-04-08T19:02:52","slug":"ultrasonido-institucional-mettler-sonicator-740x","status":"publish","type":"product","link":"https:\/\/www.zannasalud.com\/tienda\/producto\/ultrasonido-institucional-mettler-sonicator-740x\/","title":{"rendered":"ULTRASONIDO INSTITUCIONAL METTLER SONICATOR 740X"},"content":{"rendered":"<div id=\"goog-gt-tt\" class=\"skiptranslate\" dir=\"ltr\">\n<div style=\"padding: 8px;\">Frecuencia de 1 y 3 MHz. \tAmplia pantalla iluminada de cristal l\u00edquido. \tIndica potencia en Watts y Watts\/cm2. \tPanel digital controlado por microprocesador. \tCon se\u00f1al ac\u00fastica al final del tratamiento. \tModos de ultrasonido: Continuo y Pulsado. \tDuraci\u00f3n de ciclos 10, 20, 50 y 100 %. \tControles grandes y suaves que permiten programar los tratamientos f\u00e1cilmente. \tAplicador de 5 cm (1 Y 3 MHz) con indicador de acoplamiento de color azul. \tAplicador sellado para trabajo bajo el agua. \tContacto directo paciente-cristal, de acuerdo a tecnolog\u00eda patentada para emitir ultrasonido sin contacto met\u00e1lico. \tCable universal para intercambiar aplicadores f\u00e1cil y r\u00e1pidamente, tecnolog\u00eda \u00fanica patentada que permite desprender ambas puntas del cable facilitando tiempo y costo del servicio.<\/p>\n<div><\/div>\n<\/div>\n<\/div>\n<div class=\"goog-te-spinner-pos\">\n<div class=\"goog-te-spinner-animation\"><\/div>\n<\/div>\n","protected":false},"excerpt":{"rendered":"<p>ULTRASONIDO INSTITUCIONAL METTLER SONICATOR 740X<\/p>\n","protected":false},"featured_media":6695,"template":"","meta":{"_acf_changed":false,"content-type":""},"product_brand":[],"product_cat":[13253,13255,13256,13252,13270],"product_tag":[11670],"class_list":{"0":"post-30426","1":"product","2":"type-product","3":"status-publish","4":"has-post-thumbnail","6":"product_cat-electroterapia-ultrasonidos-accesorios-laser-diaterma-microondas-onda-corta-estim-magnet","7":"product_cat-marca","8":"product_cat-mettler-electronics","9":"product_cat-modalidades","10":"product_cat-ultrasonido-profesional","11":"product_tag-mettler-electronics","13":"first","14":"onbackorder","15":"taxable","16":"shipping-taxable","17":"purchasable","18":"product-type-simple"},"acf":[],"_links":{"self":[{"href":"https:\/\/www.zannasalud.com\/tienda\/wp-json\/wp\/v2\/product\/30426","targetHints":{"allow":["GET"]}}],"collection":[{"href":"https:\/\/www.zannasalud.com\/tienda\/wp-json\/wp\/v2\/product"}],"about":[{"href":"https:\/\/www.zannasalud.com\/tienda\/wp-json\/wp\/v2\/types\/product"}],"wp:featuredmedia":[{"embeddable":true,"href":"https:\/\/www.zannasalud.com\/tienda\/wp-json\/wp\/v2\/media\/6695"}],"wp:attachment":[{"href":"https:\/\/www.zannasalud.com\/tienda\/wp-json\/wp\/v2\/media?parent=30426"}],"wp:term":[{"taxonomy":"product_brand","embeddable":true,"href":"https:\/\/www.zannasalud.com\/tienda\/wp-json\/wp\/v2\/product_brand?post=30426"},{"taxonomy":"product_cat","embeddable":true,"href":"https:\/\/www.zannasalud.com\/tienda\/wp-json\/wp\/v2\/product_cat?post=30426"},{"taxonomy":"product_tag","embeddable":true,"href":"https:\/\/www.zannasalud.com\/tienda\/wp-json\/wp\/v2\/product_tag?post=30426"}],"curies":[{"name":"wp","href":"https:\/\/api.w.org\/{rel}","templated":true}]}}