{"id":30417,"date":"2020-11-18T20:19:51","date_gmt":"2020-11-18T20:19:51","guid":{"rendered":"https:\/\/silver-louse-480719.hostingersite.com\/tienda\/producto\/cables-para-electrodo-sonicator-plus-240\/"},"modified":"2025-04-17T00:54:02","modified_gmt":"2025-04-17T00:54:02","slug":"cables-para-electrodo-sonicator-plus-240","status":"publish","type":"product","link":"https:\/\/www.zannasalud.com\/tienda\/producto\/cables-para-electrodo-sonicator-plus-240\/","title":{"rendered":"CABLES PARA ELECTRODO SONICATOR PLUS 240"},"content":{"rendered":"<div id=\"goog-gt-tt\" class=\"skiptranslate\" dir=\"ltr\">\n<div style=\"padding: 8px;\">El Sonicator 740 es una unidad de ultrasonido terap\u00e9utico de 1 y 3 MHz que viene con un aplicador de doble frecuencia de 5 cm_. Es liviano y port\u00e1til y cuenta con un cable aplicador universal para que el cambio de aplicadores sea r\u00e1pido y f\u00e1cil.<\/p>\n<div><\/div>\n<\/div>\n<\/div>\n<div class=\"goog-te-spinner-pos\">\n<div class=\"goog-te-spinner-animation\"><\/div>\n<\/div>\n","protected":false},"excerpt":{"rendered":"<p>Juego de cables de electrodos para Sys*Stim 208, 208A, 226 y 240<\/p>\n","protected":false},"featured_media":3819,"template":"","meta":{"_acf_changed":false,"content-type":""},"product_brand":[],"product_cat":[13253,13255,13256,13252],"product_tag":[14033,14030,14032,14031,14037,14035,14034,11670,14020,13932,14036],"class_list":{"0":"post-30417","1":"product","2":"type-product","3":"status-publish","4":"has-post-thumbnail","6":"product_cat-electroterapia-ultrasonidos-accesorios-laser-diaterma-microondas-onda-corta-estim-magnet","7":"product_cat-marca","8":"product_cat-mettler-electronics","9":"product_cat-modalidades","10":"product_tag-accesorios","11":"product_tag-cable","12":"product_tag-contracciones","13":"product_tag-electrodos","14":"product_tag-estimulacion-muscular","15":"product_tag-fitness","16":"product_tag-impulsos-electricos","17":"product_tag-mettler-electronics","18":"product_tag-musculos","19":"product_tag-rehabilitacion","20":"product_tag-tonificacion","22":"first","23":"onbackorder","24":"taxable","25":"shipping-taxable","26":"purchasable","27":"product-type-simple"},"acf":[],"_links":{"self":[{"href":"https:\/\/www.zannasalud.com\/tienda\/wp-json\/wp\/v2\/product\/30417","targetHints":{"allow":["GET"]}}],"collection":[{"href":"https:\/\/www.zannasalud.com\/tienda\/wp-json\/wp\/v2\/product"}],"about":[{"href":"https:\/\/www.zannasalud.com\/tienda\/wp-json\/wp\/v2\/types\/product"}],"wp:featuredmedia":[{"embeddable":true,"href":"https:\/\/www.zannasalud.com\/tienda\/wp-json\/wp\/v2\/media\/3819"}],"wp:attachment":[{"href":"https:\/\/www.zannasalud.com\/tienda\/wp-json\/wp\/v2\/media?parent=30417"}],"wp:term":[{"taxonomy":"product_brand","embeddable":true,"href":"https:\/\/www.zannasalud.com\/tienda\/wp-json\/wp\/v2\/product_brand?post=30417"},{"taxonomy":"product_cat","embeddable":true,"href":"https:\/\/www.zannasalud.com\/tienda\/wp-json\/wp\/v2\/product_cat?post=30417"},{"taxonomy":"product_tag","embeddable":true,"href":"https:\/\/www.zannasalud.com\/tienda\/wp-json\/wp\/v2\/product_tag?post=30417"}],"curies":[{"name":"wp","href":"https:\/\/api.w.org\/{rel}","templated":true}]}}