{"id":30413,"date":"2020-11-18T20:19:51","date_gmt":"2020-11-18T20:19:51","guid":{"rendered":"https:\/\/silver-louse-480719.hostingersite.com\/tienda\/producto\/terapia-combinada-mettler-sonicator-plus-994\/"},"modified":"2024-04-08T19:02:50","modified_gmt":"2024-04-08T19:02:50","slug":"terapia-combinada-mettler-sonicator-plus-994","status":"publish","type":"product","link":"https:\/\/www.zannasalud.com\/tienda\/producto\/terapia-combinada-mettler-sonicator-plus-994\/","title":{"rendered":"TERAPIA COMBINADA METTLER SONICATOR PLUS 994"},"content":{"rendered":"<div id=\"goog-gt-tt\" class=\"skiptranslate\" dir=\"ltr\">\n<div style=\"padding: 8px;\">Combina ultrasonido de 1 y 3 MHz con seis formas de onda de tratamiento: interferencial, premodulada, frecuencia media (rusa), bif\u00e1sica, alto voltaje y microcorriente. La unidad incluye un aplicador de 5 cm\u00b2 de doble frecuencia. Se pueden configurar simult\u00e1neamente hasta cinco protocolos de tratamiento diferentes utilizando los diferentes cron\u00f3metros. Existen aplicadores opcionales de 1 and 10 cm\u00b2 para esta unidad.<br \/>\nPeso: 4,9 kg<br \/>\nDimensiones: 12,7 cm (alto) x 36,8 cm (ancho) x 25,4 cm (profundidad)<br \/>\nGarant\u00eda: 2 a\u00f1os para la unidad y 1 a\u00f1o para el aplicador y el cable.<\/p>\n<div><\/div>\n<\/div>\n<\/div>\n<div class=\"goog-te-spinner-pos\">\n<div class=\"goog-te-spinner-animation\"><\/div>\n<\/div>\n","protected":false},"excerpt":{"rendered":"<p>El Sonicator Plus 994 controlado por microprocesador es una unidad combinada de cuatro canales.<\/p>\n","protected":false},"featured_media":6683,"template":"","meta":{"_acf_changed":false,"content-type":""},"product_brand":[],"product_cat":[13253,13255,13256,13252,13266],"product_tag":[11670],"class_list":{"0":"post-30413","1":"product","2":"type-product","3":"status-publish","4":"has-post-thumbnail","6":"product_cat-electroterapia-ultrasonidos-accesorios-laser-diaterma-microondas-onda-corta-estim-magnet","7":"product_cat-marca","8":"product_cat-mettler-electronics","9":"product_cat-modalidades","10":"product_cat-terapia-combinada","11":"product_tag-mettler-electronics","13":"first","14":"onbackorder","15":"taxable","16":"shipping-taxable","17":"purchasable","18":"product-type-simple"},"acf":[],"_links":{"self":[{"href":"https:\/\/www.zannasalud.com\/tienda\/wp-json\/wp\/v2\/product\/30413","targetHints":{"allow":["GET"]}}],"collection":[{"href":"https:\/\/www.zannasalud.com\/tienda\/wp-json\/wp\/v2\/product"}],"about":[{"href":"https:\/\/www.zannasalud.com\/tienda\/wp-json\/wp\/v2\/types\/product"}],"wp:featuredmedia":[{"embeddable":true,"href":"https:\/\/www.zannasalud.com\/tienda\/wp-json\/wp\/v2\/media\/6683"}],"wp:attachment":[{"href":"https:\/\/www.zannasalud.com\/tienda\/wp-json\/wp\/v2\/media?parent=30413"}],"wp:term":[{"taxonomy":"product_brand","embeddable":true,"href":"https:\/\/www.zannasalud.com\/tienda\/wp-json\/wp\/v2\/product_brand?post=30413"},{"taxonomy":"product_cat","embeddable":true,"href":"https:\/\/www.zannasalud.com\/tienda\/wp-json\/wp\/v2\/product_cat?post=30413"},{"taxonomy":"product_tag","embeddable":true,"href":"https:\/\/www.zannasalud.com\/tienda\/wp-json\/wp\/v2\/product_tag?post=30413"}],"curies":[{"name":"wp","href":"https:\/\/api.w.org\/{rel}","templated":true}]}}