{"id":30407,"date":"2020-11-18T20:19:51","date_gmt":"2020-11-18T20:19:51","guid":{"rendered":"https:\/\/silver-louse-480719.hostingersite.com\/tienda\/producto\/diaterma-mettler-de-onda-corta-autotherm-390\/"},"modified":"2025-04-04T14:30:28","modified_gmt":"2025-04-04T14:30:28","slug":"diaterma-mettler-de-onda-corta-autotherm-390","status":"publish","type":"product","link":"https:\/\/www.zannasalud.com\/tienda\/producto\/diaterma-mettler-de-onda-corta-autotherm-390\/","title":{"rendered":"DIATERMA METTLER DE ONDA CORTA AUTOTHERM 390"},"content":{"rendered":"<p>El Auto*Therm 390 es una diatermia de onda corta continua y pulsada. El 390 es realmente port\u00e1til y se puede transportar f\u00e1cilmente entre las salas de tratamiento o al paciente. El 390 utiliza electrodos capacitivos de placa de goma. Los electrodos capacitivos son ideales para tratar \u00e1reas poco profundas y son ideales para cubrir un \u00e1rea de tratamiento grande como una pierna cuando se trata el nervio ci\u00e1tico. El Auto*Therm\u00ae 390 viene con 2 aplicadores capacitivos de goma blanda, 6 espaciadores de fieltro, 2 fundas de tela, 2 correas el\u00e1sticas, cable de alimentaci\u00f3n e instrucciones.<\/p>\n","protected":false},"excerpt":{"rendered":"<p>Diatermia port\u00e1til con onda corta continua y pulsada.<\/p>\n","protected":false},"featured_media":6672,"template":"","meta":{"_acf_changed":false,"content-type":""},"product_brand":[],"product_cat":[13265,13264,13253,13255,13256,13252],"product_tag":[11670],"class_list":{"0":"post-30407","1":"product","2":"type-product","3":"status-publish","4":"has-post-thumbnail","6":"product_cat-pie-tobillo","7":"product_cat-diatermia","8":"product_cat-electroterapia-ultrasonidos-accesorios-laser-diaterma-microondas-onda-corta-estim-magnet","9":"product_cat-marca","10":"product_cat-mettler-electronics","11":"product_cat-modalidades","12":"product_tag-mettler-electronics","14":"first","15":"onbackorder","16":"taxable","17":"shipping-taxable","18":"purchasable","19":"product-type-simple"},"acf":[],"_links":{"self":[{"href":"https:\/\/www.zannasalud.com\/tienda\/wp-json\/wp\/v2\/product\/30407","targetHints":{"allow":["GET"]}}],"collection":[{"href":"https:\/\/www.zannasalud.com\/tienda\/wp-json\/wp\/v2\/product"}],"about":[{"href":"https:\/\/www.zannasalud.com\/tienda\/wp-json\/wp\/v2\/types\/product"}],"wp:featuredmedia":[{"embeddable":true,"href":"https:\/\/www.zannasalud.com\/tienda\/wp-json\/wp\/v2\/media\/6672"}],"wp:attachment":[{"href":"https:\/\/www.zannasalud.com\/tienda\/wp-json\/wp\/v2\/media?parent=30407"}],"wp:term":[{"taxonomy":"product_brand","embeddable":true,"href":"https:\/\/www.zannasalud.com\/tienda\/wp-json\/wp\/v2\/product_brand?post=30407"},{"taxonomy":"product_cat","embeddable":true,"href":"https:\/\/www.zannasalud.com\/tienda\/wp-json\/wp\/v2\/product_cat?post=30407"},{"taxonomy":"product_tag","embeddable":true,"href":"https:\/\/www.zannasalud.com\/tienda\/wp-json\/wp\/v2\/product_tag?post=30407"}],"curies":[{"name":"wp","href":"https:\/\/api.w.org\/{rel}","templated":true}]}}